{"id":2692,"date":"2025-09-09T11:57:55","date_gmt":"2025-09-09T11:57:55","guid":{"rendered":"https:\/\/monteroy.tech\/?page_id=2692"},"modified":"2025-09-11T15:38:27","modified_gmt":"2025-09-11T15:38:27","slug":"sysquant-dt-plateforme-de-negoce-de-derives","status":"publish","type":"page","link":"https:\/\/monteroy.tech\/fr\/produits\/sysquant-dt-plateforme-de-negoce-de-derives\/","title":{"rendered":"sysQuant DT (plateforme de n\u00e9goce de d\u00e9riv\u00e9s)"},"content":{"rendered":"\t\t<div data-elementor-type=\"wp-page\" data-elementor-id=\"2692\" class=\"elementor elementor-2692 elementor-2691\" data-elementor-post-type=\"page\">\n\t\t\t\t\t\t<section class=\"elementor-section elementor-top-section elementor-element elementor-element-0b8c0f1 elementor-section-height-min-height elementor-section-boxed elementor-section-height-default elementor-section-items-middle\" data-id=\"0b8c0f1\" data-element_type=\"section\" data-e-type=\"section\" data-settings=\"{&quot;background_background&quot;:&quot;classic&quot;}\">\n\t\t\t\t\t\t<div class=\"elementor-container elementor-column-gap-default\">\n\t\t\t\t\t<div class=\"elementor-column elementor-col-100 elementor-top-column elementor-element elementor-element-b30b7db\" data-id=\"b30b7db\" data-element_type=\"column\" data-e-type=\"column\">\n\t\t\t<div class=\"elementor-widget-wrap elementor-element-populated\">\n\t\t\t\t\t\t<div class=\"elementor-element elementor-element-b56f49a elementor-widget elementor-widget-heading\" data-id=\"b56f49a\" data-element_type=\"widget\" data-e-type=\"widget\" data-widget_type=\"heading.default\">\n\t\t\t\t<div class=\"elementor-widget-container\">\n\t\t\t\t\t<h2 class=\"elementor-heading-title elementor-size-default\"><h1>sysQuant DT<\/h1><\/h2>\t\t\t\t<\/div>\n\t\t\t\t<\/div>\n\t\t\t\t<div class=\"elementor-element elementor-element-f902a8e subtitle elementor-widget elementor-widget-heading\" data-id=\"f902a8e\" data-element_type=\"widget\" data-e-type=\"widget\" data-widget_type=\"heading.default\">\n\t\t\t\t<div class=\"elementor-widget-container\">\n\t\t\t\t\t<h2 class=\"elementor-heading-title elementor-size-default\">R\u00e9inventer le n\u00e9goce de produits d\u00e9riv\u00e9s avec intelligence et \u00e0 l\u2019\u00e9chelle<\/h2>\t\t\t\t<\/div>\n\t\t\t\t<\/div>\n\t\t\t\t\t<\/div>\n\t\t<\/div>\n\t\t\t\t\t<\/div>\n\t\t<\/section>\n\t\t\t\t<section class=\"elementor-section elementor-top-section elementor-element elementor-element-4337c88 elementor-section-boxed elementor-section-height-default elementor-section-height-default\" data-id=\"4337c88\" data-element_type=\"section\" data-e-type=\"section\" data-settings=\"{&quot;background_background&quot;:&quot;classic&quot;}\">\n\t\t\t\t\t\t<div class=\"elementor-container elementor-column-gap-default\">\n\t\t\t\t\t<div class=\"elementor-column elementor-col-100 elementor-top-column elementor-element elementor-element-30ad67f\" data-id=\"30ad67f\" data-element_type=\"column\" data-e-type=\"column\">\n\t\t\t<div class=\"elementor-widget-wrap elementor-element-populated\">\n\t\t\t\t\t\t<div class=\"elementor-element elementor-element-2d57968 elementor-widget elementor-widget-text-editor\" data-id=\"2d57968\" data-element_type=\"widget\" data-e-type=\"widget\" data-widget_type=\"text-editor.default\">\n\t\t\t\t<div class=\"elementor-widget-container\">\n\t\t\t\t\t\t\t\t\t<p>La plateforme sysQuant DT est une solution de nouvelle g\u00e9n\u00e9ration con\u00e7ue pour le trading institutionnel de produits d\u00e9riv\u00e9s, en particulier les options. Bas\u00e9e sur une architecture modulaire, elle allie des analyses quantitatives avanc\u00e9es \u00e0 une efficacit\u00e9 op\u00e9rationnelle, dans le but de red\u00e9finir la mani\u00e8re dont les traders abordent la probabilit\u00e9, l&rsquo;ex\u00e9cution et l&rsquo;\u00e9chelle.<\/p>\t\t\t\t\t\t\t\t<\/div>\n\t\t\t\t<\/div>\n\t\t\t\t<section class=\"elementor-section elementor-inner-section elementor-element elementor-element-3bf41b0 elementor-hidden-phone elementor-section-boxed elementor-section-height-default elementor-section-height-default\" data-id=\"3bf41b0\" data-element_type=\"section\" data-e-type=\"section\">\n\t\t\t\t\t\t<div class=\"elementor-container elementor-column-gap-default\">\n\t\t\t\t\t<div class=\"elementor-column elementor-col-50 elementor-inner-column elementor-element elementor-element-b80af7b\" data-id=\"b80af7b\" data-element_type=\"column\" data-e-type=\"column\">\n\t\t\t<div class=\"elementor-widget-wrap elementor-element-populated\">\n\t\t\t\t\t\t<div class=\"elementor-element elementor-element-3f5b2c3 elementor-widget elementor-widget-spacer\" data-id=\"3f5b2c3\" data-element_type=\"widget\" data-e-type=\"widget\" data-widget_type=\"spacer.default\">\n\t\t\t\t<div class=\"elementor-widget-container\">\n\t\t\t\t\t\t\t<div class=\"elementor-spacer\">\n\t\t\t<div class=\"elementor-spacer-inner\"><\/div>\n\t\t<\/div>\n\t\t\t\t\t\t<\/div>\n\t\t\t\t<\/div>\n\t\t\t\t\t<\/div>\n\t\t<\/div>\n\t\t\t\t<div class=\"elementor-column elementor-col-50 elementor-inner-column elementor-element elementor-element-6375c70\" data-id=\"6375c70\" data-element_type=\"column\" data-e-type=\"column\">\n\t\t\t<div class=\"elementor-widget-wrap elementor-element-populated\">\n\t\t\t\t\t\t<div class=\"elementor-element elementor-element-590a548 elementor-widget elementor-widget-spacer\" data-id=\"590a548\" data-element_type=\"widget\" data-e-type=\"widget\" data-widget_type=\"spacer.default\">\n\t\t\t\t<div class=\"elementor-widget-container\">\n\t\t\t\t\t\t\t<div class=\"elementor-spacer\">\n\t\t\t<div class=\"elementor-spacer-inner\"><\/div>\n\t\t<\/div>\n\t\t\t\t\t\t<\/div>\n\t\t\t\t<\/div>\n\t\t\t\t\t<\/div>\n\t\t<\/div>\n\t\t\t\t\t<\/div>\n\t\t<\/section>\n\t\t\t\t<div class=\"elementor-element elementor-element-b2e13be elementor-widget elementor-widget-heading\" data-id=\"b2e13be\" data-element_type=\"widget\" data-e-type=\"widget\" data-widget_type=\"heading.default\">\n\t\t\t\t<div class=\"elementor-widget-container\">\n\t\t\t\t\t<h2 class=\"elementor-heading-title elementor-size-default\">D\u00e9j\u00e0 test\u00e9e par un client alpha, la plateforme m\u00fbrit progressivement en vue d'un d\u00e9ploiement plus large. Sa conception double combine:<\/h2>\t\t\t\t<\/div>\n\t\t\t\t<\/div>\n\t\t\t\t<section class=\"elementor-section elementor-inner-section elementor-element elementor-element-8241fca elementor-section-boxed elementor-section-height-default elementor-section-height-default\" data-id=\"8241fca\" data-element_type=\"section\" data-e-type=\"section\">\n\t\t\t\t\t\t<div class=\"elementor-container elementor-column-gap-default\">\n\t\t\t\t\t<div class=\"elementor-column elementor-col-50 elementor-inner-column elementor-element elementor-element-261d18e\" data-id=\"261d18e\" data-element_type=\"column\" data-e-type=\"column\" data-settings=\"{&quot;background_background&quot;:&quot;classic&quot;}\">\n\t\t\t<div class=\"elementor-widget-wrap elementor-element-populated\">\n\t\t\t\t\t\t<div class=\"elementor-element elementor-element-b2aaca6 bloc_service_monteroy elementor-widget elementor-widget-image-box\" data-id=\"b2aaca6\" data-element_type=\"widget\" data-e-type=\"widget\" data-widget_type=\"image-box.default\">\n\t\t\t\t<div class=\"elementor-widget-container\">\n\t\t\t\t\t<div class=\"elementor-image-box-wrapper\"><div class=\"elementor-image-box-content\"><h3 class=\"elementor-image-box-title\">Intelligence quantitative <\/h3><p class=\"elementor-image-box-description\">Un ensemble d'outils d\u00e9di\u00e9s \u00e0 l'optimisation des probabilit\u00e9s de profit, offrant aux traders des informations plus approfondies et des anticipations plus fiables. Un module d'apprentissage automatique pr\u00e9vu enrichira encore cette capacit\u00e9, en introduisant des mod\u00e8les adaptatifs qui \u00e9voluent en fonction des conditions du march\u00e9.<\/p><\/div><\/div>\t\t\t\t<\/div>\n\t\t\t\t<\/div>\n\t\t\t\t\t<\/div>\n\t\t<\/div>\n\t\t\t\t<div class=\"elementor-column elementor-col-50 elementor-inner-column elementor-element elementor-element-9f2e008\" data-id=\"9f2e008\" data-element_type=\"column\" data-e-type=\"column\" data-settings=\"{&quot;background_background&quot;:&quot;classic&quot;}\">\n\t\t\t<div class=\"elementor-widget-wrap elementor-element-populated\">\n\t\t\t\t\t\t<div class=\"elementor-element elementor-element-77fe286 bloc_service_monteroy elementor-widget elementor-widget-image-box\" data-id=\"77fe286\" data-element_type=\"widget\" data-e-type=\"widget\" data-widget_type=\"image-box.default\">\n\t\t\t\t<div class=\"elementor-widget-container\">\n\t\t\t\t\t<div class=\"elementor-image-box-wrapper\"><div class=\"elementor-image-box-content\"><h3 class=\"elementor-image-box-title\">Efficacit\u00e9 op\u00e9rationnelle <\/h3><p class=\"elementor-image-box-description\">Une interface rationalis\u00e9e avec les courtiers qui simplifie les transactions en gros, le flux des ordres et les cycles d'ex\u00e9cution. Cette couche op\u00e9rationnelle r\u00e9duit les frictions, am\u00e9liore la pr\u00e9cision d'ex\u00e9cution et prend en charge des volumes de trading plus importants.<\/p><\/div><\/div>\t\t\t\t<\/div>\n\t\t\t\t<\/div>\n\t\t\t\t\t<\/div>\n\t\t<\/div>\n\t\t\t\t\t<\/div>\n\t\t<\/section>\n\t\t\t\t<section class=\"elementor-section elementor-inner-section elementor-element elementor-element-e0ed928 elementor-reverse-mobile elementor-section-boxed elementor-section-height-default elementor-section-height-default\" data-id=\"e0ed928\" data-element_type=\"section\" data-e-type=\"section\" data-settings=\"{&quot;background_background&quot;:&quot;classic&quot;}\">\n\t\t\t\t\t\t<div class=\"elementor-container elementor-column-gap-no\">\n\t\t\t\t\t<div class=\"elementor-column elementor-col-50 elementor-inner-column elementor-element elementor-element-34bab9e champ_expertise_background\" data-id=\"34bab9e\" data-element_type=\"column\" data-e-type=\"column\" data-settings=\"{&quot;background_background&quot;:&quot;classic&quot;}\">\n\t\t\t<div class=\"elementor-widget-wrap elementor-element-populated\">\n\t\t\t\t\t\t<div class=\"elementor-element elementor-element-973e841 elementor-hidden-tablet elementor-widget elementor-widget-image\" data-id=\"973e841\" data-element_type=\"widget\" data-e-type=\"widget\" data-widget_type=\"image.default\">\n\t\t\t\t<div class=\"elementor-widget-container\">\n\t\t\t\t\t\t\t\t\t\t\t\t\t\t\t<img fetchpriority=\"high\" decoding=\"async\" width=\"552\" height=\"552\" src=\"https:\/\/monteroy.tech\/wp-content\/uploads\/2025\/09\/sysQuant-DT-Derivatives-Trading-Platform.png\" class=\"attachment-full size-full wp-image-2619\" alt=\"\" srcset=\"https:\/\/monteroy.tech\/wp-content\/uploads\/2025\/09\/sysQuant-DT-Derivatives-Trading-Platform.png 552w, https:\/\/monteroy.tech\/wp-content\/uploads\/2025\/09\/sysQuant-DT-Derivatives-Trading-Platform-300x300.png 300w, https:\/\/monteroy.tech\/wp-content\/uploads\/2025\/09\/sysQuant-DT-Derivatives-Trading-Platform-150x150.png 150w, https:\/\/monteroy.tech\/wp-content\/uploads\/2025\/09\/sysQuant-DT-Derivatives-Trading-Platform-500x500.png 500w\" sizes=\"(max-width: 552px) 100vw, 552px\" \/>\t\t\t\t\t\t\t\t\t\t\t\t\t\t\t<\/div>\n\t\t\t\t<\/div>\n\t\t\t\t\t<\/div>\n\t\t<\/div>\n\t\t\t\t<div class=\"elementor-column elementor-col-50 elementor-inner-column elementor-element elementor-element-5b17894\" data-id=\"5b17894\" data-element_type=\"column\" data-e-type=\"column\">\n\t\t\t<div class=\"elementor-widget-wrap elementor-element-populated\">\n\t\t\t\t\t\t<div class=\"elementor-element elementor-element-7568fd5 elementor-widget elementor-widget-text-editor\" data-id=\"7568fd5\" data-element_type=\"widget\" data-e-type=\"widget\" data-widget_type=\"text-editor.default\">\n\t\t\t\t<div class=\"elementor-widget-container\">\n\t\t\t\t\t\t\t\t\t<p>En alliant sophistication quantitative et rapidit\u00e9 d&rsquo;ex\u00e9cution, sysQuant DT est en mesure de servir les institutions qui exigent \u00e0 la fois un avantage analytique et une fiabilit\u00e9 op\u00e9rationnelle.<\/p><p><strong>Con\u00e7ue pour une \u00e9volution continue<\/strong>, la plateforme est d\u00e9velopp\u00e9e pour relever les d\u00e9fis du march\u00e9 de demain gr\u00e2ce \u00e0 une technologie \u00e9volutive et une approche prospective de l&rsquo;int\u00e9gration de l&rsquo;apprentissage automatique.<\/p>\t\t\t\t\t\t\t\t<\/div>\n\t\t\t\t<\/div>\n\t\t\t\t\t<\/div>\n\t\t<\/div>\n\t\t\t\t\t<\/div>\n\t\t<\/section>\n\t\t\t\t\t<\/div>\n\t\t<\/div>\n\t\t\t\t\t<\/div>\n\t\t<\/section>\n\t\t\t\t<section class=\"elementor-section elementor-top-section elementor-element elementor-element-3b87495 elementor-section-boxed elementor-section-height-default elementor-section-height-default\" data-id=\"3b87495\" data-element_type=\"section\" data-e-type=\"section\" data-settings=\"{&quot;background_background&quot;:&quot;classic&quot;}\">\n\t\t\t\t\t\t<div class=\"elementor-container elementor-column-gap-default\">\n\t\t\t\t\t<div class=\"elementor-column elementor-col-100 elementor-top-column elementor-element elementor-element-4eb9c0f\" data-id=\"4eb9c0f\" data-element_type=\"column\" data-e-type=\"column\">\n\t\t\t<div class=\"elementor-widget-wrap elementor-element-populated\">\n\t\t\t\t\t\t<div class=\"elementor-element elementor-element-ee59893 elementor-widget elementor-widget-heading\" data-id=\"ee59893\" data-element_type=\"widget\" data-e-type=\"widget\" data-widget_type=\"heading.default\">\n\t\t\t\t<div class=\"elementor-widget-container\">\n\t\t\t\t\t<h2 class=\"elementor-heading-title elementor-size-default\">Pr\u00eat \u00e0 discuter de vos besoins avec Monteroy\u2009?<\/h2>\t\t\t\t<\/div>\n\t\t\t\t<\/div>\n\t\t\t\t<div class=\"elementor-element elementor-element-1415776 elementor-widget elementor-widget-text-editor\" data-id=\"1415776\" data-element_type=\"widget\" data-e-type=\"widget\" data-widget_type=\"text-editor.default\">\n\t\t\t\t<div class=\"elementor-widget-container\">\n\t\t\t\t\t\t\t\t\t<p>Pour en savoir plus sur notre entreprise de d\u00e9veloppement de logiciels sur mesure ou pour discuter de vos besoins d\u2019entreprise, contactez notre \u00e9quipe sans h\u00e9siter.<\/p>\t\t\t\t\t\t\t\t<\/div>\n\t\t\t\t<\/div>\n\t\t\t\t<div class=\"elementor-element elementor-element-c446667 elementor-align-center btn-principal elementor-widget elementor-widget-button\" data-id=\"c446667\" data-element_type=\"widget\" data-e-type=\"widget\" data-widget_type=\"button.default\">\n\t\t\t\t<div class=\"elementor-widget-container\">\n\t\t\t\t\t\t\t\t\t<div class=\"elementor-button-wrapper\">\n\t\t\t\t\t<a class=\"elementor-button elementor-button-link elementor-size-sm elementor-animation-grow\" href=\"https:\/\/monteroy.tech\/fr\/contact\/\">\n\t\t\t\t\t\t<span class=\"elementor-button-content-wrapper\">\n\t\t\t\t\t\t\t\t\t<span class=\"elementor-button-text\">Demander une soumission<\/span>\n\t\t\t\t\t<\/span>\n\t\t\t\t\t<\/a>\n\t\t\t\t<\/div>\n\t\t\t\t\t\t\t\t<\/div>\n\t\t\t\t<\/div>\n\t\t\t\t\t<\/div>\n\t\t<\/div>\n\t\t\t\t\t<\/div>\n\t\t<\/section>\n\t\t\t\t<\/div>\n\t\t","protected":false},"excerpt":{"rendered":"<p>sysQuant DT R\u00e9inventer le n\u00e9goce de produits d\u00e9riv\u00e9s avec intelligence et \u00e0 l\u2019\u00e9chelle La plateforme sysQuant DT est une solution de nouvelle g\u00e9n\u00e9ration con\u00e7ue pour le trading institutionnel de produits d\u00e9riv\u00e9s, en particulier les options. Bas\u00e9e sur une architecture modulaire, elle allie des analyses quantitatives avanc\u00e9es \u00e0 une efficacit\u00e9 op\u00e9rationnelle, dans le but de red\u00e9finir [&hellip;]<\/p>\n","protected":false},"author":3,"featured_media":0,"parent":2621,"menu_order":0,"comment_status":"closed","ping_status":"closed","template":"elementor_header_footer","meta":{"_acf_changed":false,"footnotes":""},"class_list":["post-2692","page","type-page","status-publish","hentry"],"acf":[],"yoast_head":"<!-- This site is optimized with the Yoast SEO plugin v27.3 - https:\/\/yoast.com\/product\/yoast-seo-wordpress\/ -->\n<title>sysQuant DT (plateforme de n\u00e9goce de d\u00e9riv\u00e9s) | Montero<\/title>\n<meta name=\"description\" content=\"La plateforme sysQuant DT est une solution de nouvelle g\u00e9n\u00e9ration con\u00e7ue pour le trading institutionnel de produits d\u00e9riv\u00e9s, en particulier les options.\" \/>\n<meta name=\"robots\" content=\"index, follow, max-snippet:-1, max-image-preview:large, max-video-preview:-1\" \/>\n<link rel=\"canonical\" href=\"https:\/\/monteroy.tech\/products\/sysquant-dt-derivatives-trading-platform\/\" \/>\n<meta property=\"og:locale\" content=\"fr_CA\" \/>\n<meta property=\"og:type\" content=\"article\" \/>\n<meta property=\"og:title\" content=\"sysQuant DT (plateforme de n\u00e9goce de d\u00e9riv\u00e9s) | Montero\" \/>\n<meta property=\"og:description\" content=\"La plateforme sysQuant DT est une solution de nouvelle g\u00e9n\u00e9ration con\u00e7ue pour le trading institutionnel de produits d\u00e9riv\u00e9s, en particulier les options.\" \/>\n<meta property=\"og:url\" content=\"https:\/\/monteroy.tech\/products\/sysquant-dt-derivatives-trading-platform\/\" \/>\n<meta property=\"og:site_name\" content=\"Monteroy\" \/>\n<meta property=\"article:modified_time\" content=\"2025-09-11T15:38:27+00:00\" \/>\n<meta property=\"og:image\" content=\"https:\/\/monteroy.tech\/wp-content\/uploads\/2025\/09\/sysQuant-DT-Derivatives-Trading-Platform.png\" \/>\n\t<meta property=\"og:image:width\" content=\"552\" \/>\n\t<meta property=\"og:image:height\" content=\"552\" \/>\n\t<meta property=\"og:image:type\" content=\"image\/png\" \/>\n<meta name=\"twitter:card\" content=\"summary_large_image\" \/>\n<meta name=\"twitter:label1\" content=\"Estimation du temps de lecture\" \/>\n\t<meta name=\"twitter:data1\" content=\"2 minutes\" \/>\n<script type=\"application\/ld+json\" class=\"yoast-schema-graph\">{\"@context\":\"https:\\\/\\\/schema.org\",\"@graph\":[{\"@type\":\"WebPage\",\"@id\":\"https:\\\/\\\/monteroy.tech\\\/products\\\/sysquant-dt-derivatives-trading-platform\\\/\",\"url\":\"https:\\\/\\\/monteroy.tech\\\/products\\\/sysquant-dt-derivatives-trading-platform\\\/\",\"name\":\"sysQuant DT (plateforme de n\u00e9goce de d\u00e9riv\u00e9s) | Montero\",\"isPartOf\":{\"@id\":\"https:\\\/\\\/monteroy.tech\\\/#website\"},\"primaryImageOfPage\":{\"@id\":\"https:\\\/\\\/monteroy.tech\\\/products\\\/sysquant-dt-derivatives-trading-platform\\\/#primaryimage\"},\"image\":{\"@id\":\"https:\\\/\\\/monteroy.tech\\\/products\\\/sysquant-dt-derivatives-trading-platform\\\/#primaryimage\"},\"thumbnailUrl\":\"https:\\\/\\\/monteroy.tech\\\/wp-content\\\/uploads\\\/2025\\\/09\\\/sysQuant-DT-Derivatives-Trading-Platform.png\",\"datePublished\":\"2025-09-09T11:57:55+00:00\",\"dateModified\":\"2025-09-11T15:38:27+00:00\",\"description\":\"La plateforme sysQuant DT est une solution de nouvelle g\u00e9n\u00e9ration con\u00e7ue pour le trading institutionnel de produits d\u00e9riv\u00e9s, en particulier les options.\",\"breadcrumb\":{\"@id\":\"https:\\\/\\\/monteroy.tech\\\/products\\\/sysquant-dt-derivatives-trading-platform\\\/#breadcrumb\"},\"inLanguage\":\"fr-CA\",\"potentialAction\":[{\"@type\":\"ReadAction\",\"target\":[\"https:\\\/\\\/monteroy.tech\\\/products\\\/sysquant-dt-derivatives-trading-platform\\\/\"]}]},{\"@type\":\"ImageObject\",\"inLanguage\":\"fr-CA\",\"@id\":\"https:\\\/\\\/monteroy.tech\\\/products\\\/sysquant-dt-derivatives-trading-platform\\\/#primaryimage\",\"url\":\"https:\\\/\\\/monteroy.tech\\\/wp-content\\\/uploads\\\/2025\\\/09\\\/sysQuant-DT-Derivatives-Trading-Platform.png\",\"contentUrl\":\"https:\\\/\\\/monteroy.tech\\\/wp-content\\\/uploads\\\/2025\\\/09\\\/sysQuant-DT-Derivatives-Trading-Platform.png\"},{\"@type\":\"BreadcrumbList\",\"@id\":\"https:\\\/\\\/monteroy.tech\\\/products\\\/sysquant-dt-derivatives-trading-platform\\\/#breadcrumb\",\"itemListElement\":[{\"@type\":\"ListItem\",\"position\":1,\"name\":\"Accueil\",\"item\":\"https:\\\/\\\/monteroy.tech\\\/fr\\\/\"},{\"@type\":\"ListItem\",\"position\":2,\"name\":\"Produits\",\"item\":\"https:\\\/\\\/monteroy.tech\\\/fr\\\/produits\\\/\"},{\"@type\":\"ListItem\",\"position\":3,\"name\":\"sysQuant DT (plateforme de n\u00e9goce de d\u00e9riv\u00e9s)\"}]},{\"@type\":\"WebSite\",\"@id\":\"https:\\\/\\\/monteroy.tech\\\/#website\",\"url\":\"https:\\\/\\\/monteroy.tech\\\/\",\"name\":\"Monteroy\",\"description\":\"\",\"potentialAction\":[{\"@type\":\"SearchAction\",\"target\":{\"@type\":\"EntryPoint\",\"urlTemplate\":\"https:\\\/\\\/monteroy.tech\\\/?s={search_term_string}\"},\"query-input\":{\"@type\":\"PropertyValueSpecification\",\"valueRequired\":true,\"valueName\":\"search_term_string\"}}],\"inLanguage\":\"fr-CA\"}]}<\/script>\n<!-- \/ Yoast SEO plugin. -->","yoast_head_json":{"title":"sysQuant DT (plateforme de n\u00e9goce de d\u00e9riv\u00e9s) | Montero","description":"La plateforme sysQuant DT est une solution de nouvelle g\u00e9n\u00e9ration con\u00e7ue pour le trading institutionnel de produits d\u00e9riv\u00e9s, en particulier les options.","robots":{"index":"index","follow":"follow","max-snippet":"max-snippet:-1","max-image-preview":"max-image-preview:large","max-video-preview":"max-video-preview:-1"},"canonical":"https:\/\/monteroy.tech\/products\/sysquant-dt-derivatives-trading-platform\/","og_locale":"fr_CA","og_type":"article","og_title":"sysQuant DT (plateforme de n\u00e9goce de d\u00e9riv\u00e9s) | Montero","og_description":"La plateforme sysQuant DT est une solution de nouvelle g\u00e9n\u00e9ration con\u00e7ue pour le trading institutionnel de produits d\u00e9riv\u00e9s, en particulier les options.","og_url":"https:\/\/monteroy.tech\/products\/sysquant-dt-derivatives-trading-platform\/","og_site_name":"Monteroy","article_modified_time":"2025-09-11T15:38:27+00:00","og_image":[{"width":552,"height":552,"url":"https:\/\/monteroy.tech\/wp-content\/uploads\/2025\/09\/sysQuant-DT-Derivatives-Trading-Platform.png","type":"image\/png"}],"twitter_card":"summary_large_image","twitter_misc":{"Estimation du temps de lecture":"2 minutes"},"schema":{"@context":"https:\/\/schema.org","@graph":[{"@type":"WebPage","@id":"https:\/\/monteroy.tech\/products\/sysquant-dt-derivatives-trading-platform\/","url":"https:\/\/monteroy.tech\/products\/sysquant-dt-derivatives-trading-platform\/","name":"sysQuant DT (plateforme de n\u00e9goce de d\u00e9riv\u00e9s) | Montero","isPartOf":{"@id":"https:\/\/monteroy.tech\/#website"},"primaryImageOfPage":{"@id":"https:\/\/monteroy.tech\/products\/sysquant-dt-derivatives-trading-platform\/#primaryimage"},"image":{"@id":"https:\/\/monteroy.tech\/products\/sysquant-dt-derivatives-trading-platform\/#primaryimage"},"thumbnailUrl":"https:\/\/monteroy.tech\/wp-content\/uploads\/2025\/09\/sysQuant-DT-Derivatives-Trading-Platform.png","datePublished":"2025-09-09T11:57:55+00:00","dateModified":"2025-09-11T15:38:27+00:00","description":"La plateforme sysQuant DT est une solution de nouvelle g\u00e9n\u00e9ration con\u00e7ue pour le trading institutionnel de produits d\u00e9riv\u00e9s, en particulier les options.","breadcrumb":{"@id":"https:\/\/monteroy.tech\/products\/sysquant-dt-derivatives-trading-platform\/#breadcrumb"},"inLanguage":"fr-CA","potentialAction":[{"@type":"ReadAction","target":["https:\/\/monteroy.tech\/products\/sysquant-dt-derivatives-trading-platform\/"]}]},{"@type":"ImageObject","inLanguage":"fr-CA","@id":"https:\/\/monteroy.tech\/products\/sysquant-dt-derivatives-trading-platform\/#primaryimage","url":"https:\/\/monteroy.tech\/wp-content\/uploads\/2025\/09\/sysQuant-DT-Derivatives-Trading-Platform.png","contentUrl":"https:\/\/monteroy.tech\/wp-content\/uploads\/2025\/09\/sysQuant-DT-Derivatives-Trading-Platform.png"},{"@type":"BreadcrumbList","@id":"https:\/\/monteroy.tech\/products\/sysquant-dt-derivatives-trading-platform\/#breadcrumb","itemListElement":[{"@type":"ListItem","position":1,"name":"Accueil","item":"https:\/\/monteroy.tech\/fr\/"},{"@type":"ListItem","position":2,"name":"Produits","item":"https:\/\/monteroy.tech\/fr\/produits\/"},{"@type":"ListItem","position":3,"name":"sysQuant DT (plateforme de n\u00e9goce de d\u00e9riv\u00e9s)"}]},{"@type":"WebSite","@id":"https:\/\/monteroy.tech\/#website","url":"https:\/\/monteroy.tech\/","name":"Monteroy","description":"","potentialAction":[{"@type":"SearchAction","target":{"@type":"EntryPoint","urlTemplate":"https:\/\/monteroy.tech\/?s={search_term_string}"},"query-input":{"@type":"PropertyValueSpecification","valueRequired":true,"valueName":"search_term_string"}}],"inLanguage":"fr-CA"}]}},"_links":{"self":[{"href":"https:\/\/monteroy.tech\/fr\/wp-json\/wp\/v2\/pages\/2692","targetHints":{"allow":["GET"]}}],"collection":[{"href":"https:\/\/monteroy.tech\/fr\/wp-json\/wp\/v2\/pages"}],"about":[{"href":"https:\/\/monteroy.tech\/fr\/wp-json\/wp\/v2\/types\/page"}],"author":[{"embeddable":true,"href":"https:\/\/monteroy.tech\/fr\/wp-json\/wp\/v2\/users\/3"}],"replies":[{"embeddable":true,"href":"https:\/\/monteroy.tech\/fr\/wp-json\/wp\/v2\/comments?post=2692"}],"version-history":[{"count":19,"href":"https:\/\/monteroy.tech\/fr\/wp-json\/wp\/v2\/pages\/2692\/revisions"}],"predecessor-version":[{"id":2894,"href":"https:\/\/monteroy.tech\/fr\/wp-json\/wp\/v2\/pages\/2692\/revisions\/2894"}],"up":[{"embeddable":true,"href":"https:\/\/monteroy.tech\/fr\/wp-json\/wp\/v2\/pages\/2621"}],"wp:attachment":[{"href":"https:\/\/monteroy.tech\/fr\/wp-json\/wp\/v2\/media?parent=2692"}],"curies":[{"name":"wp","href":"https:\/\/api.w.org\/{rel}","templated":true}]}}