{"id":2625,"date":"2025-09-09T03:14:34","date_gmt":"2025-09-09T03:14:34","guid":{"rendered":"https:\/\/monteroy.tech\/?page_id=2625"},"modified":"2025-09-10T01:45:13","modified_gmt":"2025-09-10T01:45:13","slug":"sysquant-paraccount","status":"publish","type":"page","link":"https:\/\/monteroy.tech\/fr\/produits\/sysquant-paraccount\/","title":{"rendered":"sysQuant Paraccount"},"content":{"rendered":"\t\t<div data-elementor-type=\"wp-page\" data-elementor-id=\"2625\" class=\"elementor elementor-2625 elementor-2624\" data-elementor-post-type=\"page\">\n\t\t\t\t\t\t<section class=\"elementor-section elementor-top-section elementor-element elementor-element-0b8c0f1 elementor-section-height-min-height elementor-section-boxed elementor-section-height-default elementor-section-items-middle\" data-id=\"0b8c0f1\" data-element_type=\"section\" data-e-type=\"section\" data-settings=\"{&quot;background_background&quot;:&quot;classic&quot;}\">\n\t\t\t\t\t\t<div class=\"elementor-container elementor-column-gap-default\">\n\t\t\t\t\t<div class=\"elementor-column elementor-col-100 elementor-top-column elementor-element elementor-element-b30b7db\" data-id=\"b30b7db\" data-element_type=\"column\" data-e-type=\"column\">\n\t\t\t<div class=\"elementor-widget-wrap elementor-element-populated\">\n\t\t\t\t\t\t<div class=\"elementor-element elementor-element-b56f49a elementor-widget elementor-widget-heading\" data-id=\"b56f49a\" data-element_type=\"widget\" data-e-type=\"widget\" data-widget_type=\"heading.default\">\n\t\t\t\t<div class=\"elementor-widget-container\">\n\t\t\t\t\t<h2 class=\"elementor-heading-title elementor-size-default\"><h1>sysQuant Paraccount<\/h1><\/h2>\t\t\t\t<\/div>\n\t\t\t\t<\/div>\n\t\t\t\t<div class=\"elementor-element elementor-element-42defa4 subtitle elementor-widget elementor-widget-heading\" data-id=\"42defa4\" data-element_type=\"widget\" data-e-type=\"widget\" data-widget_type=\"heading.default\">\n\t\t\t\t<div class=\"elementor-widget-container\">\n\t\t\t\t\t<h2 class=\"elementor-heading-title elementor-size-default\">Simplifier la pr\u00e9paration des d\u00e9clarations fiscales pour les investisseurs et leurs conseillers<\/h2>\t\t\t\t<\/div>\n\t\t\t\t<\/div>\n\t\t\t\t\t<\/div>\n\t\t<\/div>\n\t\t\t\t\t<\/div>\n\t\t<\/section>\n\t\t\t\t<section class=\"elementor-section elementor-top-section elementor-element elementor-element-4337c88 elementor-section-boxed elementor-section-height-default elementor-section-height-default\" data-id=\"4337c88\" data-element_type=\"section\" data-e-type=\"section\" data-settings=\"{&quot;background_background&quot;:&quot;classic&quot;}\">\n\t\t\t\t\t\t<div class=\"elementor-container elementor-column-gap-default\">\n\t\t\t\t\t<div class=\"elementor-column elementor-col-100 elementor-top-column elementor-element elementor-element-30ad67f\" data-id=\"30ad67f\" data-element_type=\"column\" data-e-type=\"column\">\n\t\t\t<div class=\"elementor-widget-wrap elementor-element-populated\">\n\t\t\t\t\t\t<div class=\"elementor-element elementor-element-2d57968 elementor-widget elementor-widget-text-editor\" data-id=\"2d57968\" data-element_type=\"widget\" data-e-type=\"widget\" data-widget_type=\"text-editor.default\">\n\t\t\t\t<div class=\"elementor-widget-container\">\n\t\t\t\t\t\t\t\t\t<p>sysQuant Paraccount est une plateforme SaaS sp\u00e9cialis\u00e9e con\u00e7ue pour simplifier la pr\u00e9paration des d\u00e9clarations fiscales des petites entreprises et des investisseurs individuels canadiens expos\u00e9s aux produits d\u00e9riv\u00e9s et aux march\u00e9s internationaux. Elle s&rsquo;adresse \u00e9galement aux comptables qui doivent accompagner leurs clients dans des activit\u00e9s d&rsquo;investissement de plus en plus sophistiqu\u00e9es.<\/p><p>Actuellement en phase de d\u00e9veloppement avanc\u00e9e, la plateforme m\u00fbrit progressivement en vue de son d\u00e9ploiement en production. Elle s&rsquo;appuie sur une m\u00e9thodologie propri\u00e9taire qui applique une cat\u00e9gorisation syst\u00e9matique des actifs, des transactions et des b\u00e9n\u00e9fices. Cette approche permet de r\u00e9soudre l&rsquo;un des aspects les plus chronophages de la pr\u00e9paration fiscale li\u00e9e aux investissements : la saisie et la classification d&rsquo;historiques de transactions longs et souvent complexes, y compris les transactions sur d\u00e9riv\u00e9s \u00e0 plusieurs volets.<\/p>\t\t\t\t\t\t\t\t<\/div>\n\t\t\t\t<\/div>\n\t\t\t\t<section class=\"elementor-section elementor-inner-section elementor-element elementor-element-3bf41b0 elementor-hidden-phone elementor-section-boxed elementor-section-height-default elementor-section-height-default\" data-id=\"3bf41b0\" data-element_type=\"section\" data-e-type=\"section\">\n\t\t\t\t\t\t<div class=\"elementor-container elementor-column-gap-default\">\n\t\t\t\t\t<div class=\"elementor-column elementor-col-50 elementor-inner-column elementor-element elementor-element-b80af7b\" data-id=\"b80af7b\" data-element_type=\"column\" data-e-type=\"column\">\n\t\t\t<div class=\"elementor-widget-wrap elementor-element-populated\">\n\t\t\t\t\t\t<div class=\"elementor-element elementor-element-3f5b2c3 elementor-widget elementor-widget-spacer\" data-id=\"3f5b2c3\" data-element_type=\"widget\" data-e-type=\"widget\" data-widget_type=\"spacer.default\">\n\t\t\t\t<div class=\"elementor-widget-container\">\n\t\t\t\t\t\t\t<div class=\"elementor-spacer\">\n\t\t\t<div class=\"elementor-spacer-inner\"><\/div>\n\t\t<\/div>\n\t\t\t\t\t\t<\/div>\n\t\t\t\t<\/div>\n\t\t\t\t\t<\/div>\n\t\t<\/div>\n\t\t\t\t<div class=\"elementor-column elementor-col-50 elementor-inner-column elementor-element elementor-element-6375c70\" data-id=\"6375c70\" data-element_type=\"column\" data-e-type=\"column\">\n\t\t\t<div class=\"elementor-widget-wrap elementor-element-populated\">\n\t\t\t\t\t\t<div class=\"elementor-element elementor-element-590a548 elementor-widget elementor-widget-spacer\" data-id=\"590a548\" data-element_type=\"widget\" data-e-type=\"widget\" data-widget_type=\"spacer.default\">\n\t\t\t\t<div class=\"elementor-widget-container\">\n\t\t\t\t\t\t\t<div class=\"elementor-spacer\">\n\t\t\t<div class=\"elementor-spacer-inner\"><\/div>\n\t\t<\/div>\n\t\t\t\t\t\t<\/div>\n\t\t\t\t<\/div>\n\t\t\t\t\t<\/div>\n\t\t<\/div>\n\t\t\t\t\t<\/div>\n\t\t<\/section>\n\t\t\t\t<div class=\"elementor-element elementor-element-b2e13be elementor-widget elementor-widget-heading\" data-id=\"b2e13be\" data-element_type=\"widget\" data-e-type=\"widget\" data-widget_type=\"heading.default\">\n\t\t\t\t<div class=\"elementor-widget-container\">\n\t\t\t\t\t<h2 class=\"elementor-heading-title elementor-size-default\">Ses principaux avantages sont les suivants :<\/h2>\t\t\t\t<\/div>\n\t\t\t\t<\/div>\n\t\t\t\t<section class=\"elementor-section elementor-inner-section elementor-element elementor-element-8241fca elementor-section-boxed elementor-section-height-default elementor-section-height-default\" data-id=\"8241fca\" data-element_type=\"section\" data-e-type=\"section\">\n\t\t\t\t\t\t<div class=\"elementor-container elementor-column-gap-default\">\n\t\t\t\t\t<div class=\"elementor-column elementor-col-25 elementor-inner-column elementor-element elementor-element-261d18e\" data-id=\"261d18e\" data-element_type=\"column\" data-e-type=\"column\" data-settings=\"{&quot;background_background&quot;:&quot;classic&quot;}\">\n\t\t\t<div class=\"elementor-widget-wrap elementor-element-populated\">\n\t\t\t\t\t\t<div class=\"elementor-element elementor-element-b2aaca6 bloc_service_monteroy elementor-widget elementor-widget-image-box\" data-id=\"b2aaca6\" data-element_type=\"widget\" data-e-type=\"widget\" data-widget_type=\"image-box.default\">\n\t\t\t\t<div class=\"elementor-widget-container\">\n\t\t\t\t\t<div class=\"elementor-image-box-wrapper\"><div class=\"elementor-image-box-content\"><h3 class=\"elementor-image-box-title\">Classification automatis\u00e9e <\/h3><p class=\"elementor-image-box-description\">Des processus intelligents, soutenus en partie par des algorithmes d'apprentissage automatique, organisent les transactions et r\u00e9duisent les efforts manuels.<\/p><\/div><\/div>\t\t\t\t<\/div>\n\t\t\t\t<\/div>\n\t\t\t\t\t<\/div>\n\t\t<\/div>\n\t\t\t\t<div class=\"elementor-column elementor-col-25 elementor-inner-column elementor-element elementor-element-9f2e008\" data-id=\"9f2e008\" data-element_type=\"column\" data-e-type=\"column\" data-settings=\"{&quot;background_background&quot;:&quot;classic&quot;}\">\n\t\t\t<div class=\"elementor-widget-wrap elementor-element-populated\">\n\t\t\t\t\t\t<div class=\"elementor-element elementor-element-77fe286 bloc_service_monteroy elementor-widget elementor-widget-image-box\" data-id=\"77fe286\" data-element_type=\"widget\" data-e-type=\"widget\" data-widget_type=\"image-box.default\">\n\t\t\t\t<div class=\"elementor-widget-container\">\n\t\t\t\t\t<div class=\"elementor-image-box-wrapper\"><div class=\"elementor-image-box-content\"><h3 class=\"elementor-image-box-title\">Traitement automatis\u00e9 des devises <\/h3><p class=\"elementor-image-box-description\">La gestion int\u00e9gr\u00e9e des taux de change simplifie la d\u00e9claration des investissements transfrontaliers, \u00e9liminant le besoin de conversion manuelle et r\u00e9duisant le risque d'erreur.<\/p><\/div><\/div>\t\t\t\t<\/div>\n\t\t\t\t<\/div>\n\t\t\t\t\t<\/div>\n\t\t<\/div>\n\t\t\t\t<div class=\"elementor-column elementor-col-25 elementor-inner-column elementor-element elementor-element-fc5f1a1\" data-id=\"fc5f1a1\" data-element_type=\"column\" data-e-type=\"column\" data-settings=\"{&quot;background_background&quot;:&quot;classic&quot;}\">\n\t\t\t<div class=\"elementor-widget-wrap elementor-element-populated\">\n\t\t\t\t\t\t<div class=\"elementor-element elementor-element-45f9e4e bloc_service_monteroy elementor-widget elementor-widget-image-box\" data-id=\"45f9e4e\" data-element_type=\"widget\" data-e-type=\"widget\" data-widget_type=\"image-box.default\">\n\t\t\t\t<div class=\"elementor-widget-container\">\n\t\t\t\t\t<div class=\"elementor-image-box-wrapper\"><div class=\"elementor-image-box-content\"><h3 class=\"elementor-image-box-title\">Large couverture du march\u00e9 : <\/h3><p class=\"elementor-image-box-description\">La prise en charge des march\u00e9s canadiens et \u00e9trangers (am\u00e9ricains, europ\u00e9ens et autres) garantit une flexibilit\u00e9 aux investisseurs ayant une exposition transfrontali\u00e8re.<\/p><\/div><\/div>\t\t\t\t<\/div>\n\t\t\t\t<\/div>\n\t\t\t\t\t<\/div>\n\t\t<\/div>\n\t\t\t\t<div class=\"elementor-column elementor-col-25 elementor-inner-column elementor-element elementor-element-f051c73\" data-id=\"f051c73\" data-element_type=\"column\" data-e-type=\"column\" data-settings=\"{&quot;background_background&quot;:&quot;classic&quot;}\">\n\t\t\t<div class=\"elementor-widget-wrap elementor-element-populated\">\n\t\t\t\t\t\t<div class=\"elementor-element elementor-element-3463c4b bloc_service_monteroy elementor-widget elementor-widget-image-box\" data-id=\"3463c4b\" data-element_type=\"widget\" data-e-type=\"widget\" data-widget_type=\"image-box.default\">\n\t\t\t\t<div class=\"elementor-widget-container\">\n\t\t\t\t\t<div class=\"elementor-image-box-wrapper\"><div class=\"elementor-image-box-content\"><h3 class=\"elementor-image-box-title\">Abonnements destin\u00e9s aux comptables :<\/h3><p class=\"elementor-image-box-description\">Des niveaux d\u00e9di\u00e9s permettent aux comptables, m\u00eame ceux qui sont moins sp\u00e9cialis\u00e9s dans les produits d\u00e9riv\u00e9s ou les march\u00e9s \u00e9trangers, de g\u00e9rer efficacement des portefeuilles clients plus complexes.<\/p><\/div><\/div>\t\t\t\t<\/div>\n\t\t\t\t<\/div>\n\t\t\t\t\t<\/div>\n\t\t<\/div>\n\t\t\t\t\t<\/div>\n\t\t<\/section>\n\t\t\t\t<section class=\"elementor-section elementor-inner-section elementor-element elementor-element-e0ed928 elementor-reverse-mobile elementor-section-boxed elementor-section-height-default elementor-section-height-default\" data-id=\"e0ed928\" data-element_type=\"section\" data-e-type=\"section\" data-settings=\"{&quot;background_background&quot;:&quot;classic&quot;}\">\n\t\t\t\t\t\t<div class=\"elementor-container elementor-column-gap-no\">\n\t\t\t\t\t<div class=\"elementor-column elementor-col-50 elementor-inner-column elementor-element elementor-element-34bab9e champ_expertise_background\" data-id=\"34bab9e\" data-element_type=\"column\" data-e-type=\"column\" data-settings=\"{&quot;background_background&quot;:&quot;classic&quot;}\">\n\t\t\t<div class=\"elementor-widget-wrap elementor-element-populated\">\n\t\t\t\t\t\t<div class=\"elementor-element elementor-element-973e841 elementor-hidden-tablet elementor-widget elementor-widget-image\" data-id=\"973e841\" data-element_type=\"widget\" data-e-type=\"widget\" data-widget_type=\"image.default\">\n\t\t\t\t<div class=\"elementor-widget-container\">\n\t\t\t\t\t\t\t\t\t\t\t\t\t\t\t<img fetchpriority=\"high\" decoding=\"async\" width=\"399\" height=\"266\" src=\"https:\/\/monteroy.tech\/wp-content\/uploads\/2025\/09\/sysQuant-Paraccount.png\" class=\"attachment-full size-full wp-image-2617\" alt=\"\" srcset=\"https:\/\/monteroy.tech\/wp-content\/uploads\/2025\/09\/sysQuant-Paraccount.png 399w, https:\/\/monteroy.tech\/wp-content\/uploads\/2025\/09\/sysQuant-Paraccount-300x200.png 300w\" sizes=\"(max-width: 399px) 100vw, 399px\" \/>\t\t\t\t\t\t\t\t\t\t\t\t\t\t\t<\/div>\n\t\t\t\t<\/div>\n\t\t\t\t\t<\/div>\n\t\t<\/div>\n\t\t\t\t<div class=\"elementor-column elementor-col-50 elementor-inner-column elementor-element elementor-element-5b17894\" data-id=\"5b17894\" data-element_type=\"column\" data-e-type=\"column\">\n\t\t\t<div class=\"elementor-widget-wrap elementor-element-populated\">\n\t\t\t\t\t\t<div class=\"elementor-element elementor-element-7568fd5 elementor-widget elementor-widget-text-editor\" data-id=\"7568fd5\" data-element_type=\"widget\" data-e-type=\"widget\" data-widget_type=\"text-editor.default\">\n\t\t\t\t<div class=\"elementor-widget-container\">\n\t\t\t\t\t\t\t\t\t<p>En combinant automatisation et pr\u00e9cision, sysQuant Paraccount est con\u00e7u pour faire gagner un temps consid\u00e9rable aux investisseurs et aux professionnels. Son traitement automatis\u00e9 des taux de change, associ\u00e9 \u00e0 des capacit\u00e9s de classification avanc\u00e9es, garantit une plus grande pr\u00e9cision, une pr\u00e9paration plus rapide et une conformit\u00e9 plus fluide pour les activit\u00e9s d&rsquo;investissement mondialis\u00e9es et ax\u00e9es sur les produits d\u00e9riv\u00e9s.<br \/><br \/><strong>Con\u00e7u dans un souci d&rsquo;\u00e9volutivit\u00e9 et de modularit\u00e9, sysQuant Paraccount \u00e9volue activement vers une version qui constituera une ressource fiable pour les investisseurs et les conseillers confront\u00e9s \u00e0 la complexit\u00e9 fiscale moderne.<\/strong><\/p><p>\u00a0<\/p>\t\t\t\t\t\t\t\t<\/div>\n\t\t\t\t<\/div>\n\t\t\t\t\t<\/div>\n\t\t<\/div>\n\t\t\t\t\t<\/div>\n\t\t<\/section>\n\t\t\t\t\t<\/div>\n\t\t<\/div>\n\t\t\t\t\t<\/div>\n\t\t<\/section>\n\t\t\t\t<section class=\"elementor-section elementor-top-section elementor-element elementor-element-3b87495 elementor-section-boxed elementor-section-height-default elementor-section-height-default\" data-id=\"3b87495\" data-element_type=\"section\" data-e-type=\"section\" data-settings=\"{&quot;background_background&quot;:&quot;classic&quot;}\">\n\t\t\t\t\t\t<div class=\"elementor-container elementor-column-gap-default\">\n\t\t\t\t\t<div class=\"elementor-column elementor-col-100 elementor-top-column elementor-element elementor-element-4eb9c0f\" data-id=\"4eb9c0f\" data-element_type=\"column\" data-e-type=\"column\">\n\t\t\t<div class=\"elementor-widget-wrap elementor-element-populated\">\n\t\t\t\t\t\t<div class=\"elementor-element elementor-element-ee59893 elementor-widget elementor-widget-heading\" data-id=\"ee59893\" data-element_type=\"widget\" data-e-type=\"widget\" data-widget_type=\"heading.default\">\n\t\t\t\t<div class=\"elementor-widget-container\">\n\t\t\t\t\t<h2 class=\"elementor-heading-title elementor-size-default\">Pr\u00eat \u00e0 discuter de vos besoins avec Monteroy\u2009?<\/h2>\t\t\t\t<\/div>\n\t\t\t\t<\/div>\n\t\t\t\t<div class=\"elementor-element elementor-element-1415776 elementor-widget elementor-widget-text-editor\" data-id=\"1415776\" data-element_type=\"widget\" data-e-type=\"widget\" data-widget_type=\"text-editor.default\">\n\t\t\t\t<div class=\"elementor-widget-container\">\n\t\t\t\t\t\t\t\t\t<p>Pour en savoir plus sur notre entreprise de d\u00e9veloppement de logiciels sur mesure ou pour discuter de vos besoins d\u2019entreprise, contactez notre \u00e9quipe sans h\u00e9siter.<\/p>\t\t\t\t\t\t\t\t<\/div>\n\t\t\t\t<\/div>\n\t\t\t\t<div class=\"elementor-element elementor-element-c446667 elementor-align-center btn-principal elementor-widget elementor-widget-button\" data-id=\"c446667\" data-element_type=\"widget\" data-e-type=\"widget\" data-widget_type=\"button.default\">\n\t\t\t\t<div class=\"elementor-widget-container\">\n\t\t\t\t\t\t\t\t\t<div class=\"elementor-button-wrapper\">\n\t\t\t\t\t<a class=\"elementor-button elementor-button-link elementor-size-sm elementor-animation-grow\" href=\"https:\/\/monteroy.tech\/fr\/contact\/\">\n\t\t\t\t\t\t<span class=\"elementor-button-content-wrapper\">\n\t\t\t\t\t\t\t\t\t<span class=\"elementor-button-text\">Contact<\/span>\n\t\t\t\t\t<\/span>\n\t\t\t\t\t<\/a>\n\t\t\t\t<\/div>\n\t\t\t\t\t\t\t\t<\/div>\n\t\t\t\t<\/div>\n\t\t\t\t\t<\/div>\n\t\t<\/div>\n\t\t\t\t\t<\/div>\n\t\t<\/section>\n\t\t\t\t<\/div>\n\t\t","protected":false},"excerpt":{"rendered":"<p>sysQuant Paraccount Simplifier la pr\u00e9paration des d\u00e9clarations fiscales pour les investisseurs et leurs conseillers sysQuant Paraccount est une plateforme SaaS sp\u00e9cialis\u00e9e con\u00e7ue pour simplifier la pr\u00e9paration des d\u00e9clarations fiscales des petites entreprises et des investisseurs individuels canadiens expos\u00e9s aux produits d\u00e9riv\u00e9s et aux march\u00e9s internationaux. Elle s&rsquo;adresse \u00e9galement aux comptables qui doivent accompagner leurs clients [&hellip;]<\/p>\n","protected":false},"author":3,"featured_media":0,"parent":2621,"menu_order":0,"comment_status":"closed","ping_status":"closed","template":"elementor_header_footer","meta":{"_acf_changed":false,"footnotes":""},"class_list":["post-2625","page","type-page","status-publish","hentry"],"acf":[],"yoast_head":"<!-- This site is optimized with the Yoast SEO plugin v27.3 - https:\/\/yoast.com\/product\/yoast-seo-wordpress\/ -->\n<title>sysQuant Paraccount | Monteroy<\/title>\n<meta name=\"description\" content=\"sysQuant Paraccount est une plateforme SaaS sp\u00e9cialis\u00e9e con\u00e7ue pour simplifier la pr\u00e9paration des d\u00e9clarations fiscales des petites entreprises et des investisseurs individuels canadiens expos\u00e9s aux produits d\u00e9riv\u00e9s et aux march\u00e9s internationaux.\" \/>\n<meta name=\"robots\" content=\"index, follow, max-snippet:-1, max-image-preview:large, max-video-preview:-1\" \/>\n<link rel=\"canonical\" href=\"https:\/\/monteroy.tech\/products\/sysquant-paraccount\/\" \/>\n<meta property=\"og:locale\" content=\"fr_CA\" \/>\n<meta property=\"og:type\" content=\"article\" \/>\n<meta property=\"og:title\" content=\"sysQuant Paraccount | Monteroy\" \/>\n<meta property=\"og:description\" content=\"sysQuant Paraccount est une plateforme SaaS sp\u00e9cialis\u00e9e con\u00e7ue pour simplifier la pr\u00e9paration des d\u00e9clarations fiscales des petites entreprises et des investisseurs individuels canadiens expos\u00e9s aux produits d\u00e9riv\u00e9s et aux march\u00e9s internationaux.\" \/>\n<meta property=\"og:url\" content=\"https:\/\/monteroy.tech\/products\/sysquant-paraccount\/\" \/>\n<meta property=\"og:site_name\" content=\"Monteroy\" \/>\n<meta property=\"article:modified_time\" content=\"2025-09-10T01:45:13+00:00\" \/>\n<meta property=\"og:image\" content=\"https:\/\/monteroy.tech\/wp-content\/uploads\/2025\/09\/sysQuant-Paraccount.png\" \/>\n\t<meta property=\"og:image:width\" content=\"399\" \/>\n\t<meta property=\"og:image:height\" content=\"266\" \/>\n\t<meta property=\"og:image:type\" content=\"image\/png\" \/>\n<meta name=\"twitter:card\" content=\"summary_large_image\" \/>\n<meta name=\"twitter:label1\" content=\"Estimation du temps de lecture\" \/>\n\t<meta name=\"twitter:data1\" content=\"3 minutes\" \/>\n<script type=\"application\/ld+json\" class=\"yoast-schema-graph\">{\"@context\":\"https:\\\/\\\/schema.org\",\"@graph\":[{\"@type\":\"WebPage\",\"@id\":\"https:\\\/\\\/monteroy.tech\\\/products\\\/sysquant-paraccount\\\/\",\"url\":\"https:\\\/\\\/monteroy.tech\\\/products\\\/sysquant-paraccount\\\/\",\"name\":\"sysQuant Paraccount | Monteroy\",\"isPartOf\":{\"@id\":\"https:\\\/\\\/monteroy.tech\\\/#website\"},\"primaryImageOfPage\":{\"@id\":\"https:\\\/\\\/monteroy.tech\\\/products\\\/sysquant-paraccount\\\/#primaryimage\"},\"image\":{\"@id\":\"https:\\\/\\\/monteroy.tech\\\/products\\\/sysquant-paraccount\\\/#primaryimage\"},\"thumbnailUrl\":\"https:\\\/\\\/monteroy.tech\\\/wp-content\\\/uploads\\\/2025\\\/09\\\/sysQuant-Paraccount.png\",\"datePublished\":\"2025-09-09T03:14:34+00:00\",\"dateModified\":\"2025-09-10T01:45:13+00:00\",\"description\":\"sysQuant Paraccount est une plateforme SaaS sp\u00e9cialis\u00e9e con\u00e7ue pour simplifier la pr\u00e9paration des d\u00e9clarations fiscales des petites entreprises et des investisseurs individuels canadiens expos\u00e9s aux produits d\u00e9riv\u00e9s et aux march\u00e9s internationaux.\",\"breadcrumb\":{\"@id\":\"https:\\\/\\\/monteroy.tech\\\/products\\\/sysquant-paraccount\\\/#breadcrumb\"},\"inLanguage\":\"fr-CA\",\"potentialAction\":[{\"@type\":\"ReadAction\",\"target\":[\"https:\\\/\\\/monteroy.tech\\\/products\\\/sysquant-paraccount\\\/\"]}]},{\"@type\":\"ImageObject\",\"inLanguage\":\"fr-CA\",\"@id\":\"https:\\\/\\\/monteroy.tech\\\/products\\\/sysquant-paraccount\\\/#primaryimage\",\"url\":\"https:\\\/\\\/monteroy.tech\\\/wp-content\\\/uploads\\\/2025\\\/09\\\/sysQuant-Paraccount.png\",\"contentUrl\":\"https:\\\/\\\/monteroy.tech\\\/wp-content\\\/uploads\\\/2025\\\/09\\\/sysQuant-Paraccount.png\"},{\"@type\":\"BreadcrumbList\",\"@id\":\"https:\\\/\\\/monteroy.tech\\\/products\\\/sysquant-paraccount\\\/#breadcrumb\",\"itemListElement\":[{\"@type\":\"ListItem\",\"position\":1,\"name\":\"Accueil\",\"item\":\"https:\\\/\\\/monteroy.tech\\\/fr\\\/\"},{\"@type\":\"ListItem\",\"position\":2,\"name\":\"Produits\",\"item\":\"https:\\\/\\\/monteroy.tech\\\/fr\\\/produits\\\/\"},{\"@type\":\"ListItem\",\"position\":3,\"name\":\"sysQuant Paraccount\"}]},{\"@type\":\"WebSite\",\"@id\":\"https:\\\/\\\/monteroy.tech\\\/#website\",\"url\":\"https:\\\/\\\/monteroy.tech\\\/\",\"name\":\"Monteroy\",\"description\":\"\",\"potentialAction\":[{\"@type\":\"SearchAction\",\"target\":{\"@type\":\"EntryPoint\",\"urlTemplate\":\"https:\\\/\\\/monteroy.tech\\\/?s={search_term_string}\"},\"query-input\":{\"@type\":\"PropertyValueSpecification\",\"valueRequired\":true,\"valueName\":\"search_term_string\"}}],\"inLanguage\":\"fr-CA\"}]}<\/script>\n<!-- \/ Yoast SEO plugin. -->","yoast_head_json":{"title":"sysQuant Paraccount | Monteroy","description":"sysQuant Paraccount est une plateforme SaaS sp\u00e9cialis\u00e9e con\u00e7ue pour simplifier la pr\u00e9paration des d\u00e9clarations fiscales des petites entreprises et des investisseurs individuels canadiens expos\u00e9s aux produits d\u00e9riv\u00e9s et aux march\u00e9s internationaux.","robots":{"index":"index","follow":"follow","max-snippet":"max-snippet:-1","max-image-preview":"max-image-preview:large","max-video-preview":"max-video-preview:-1"},"canonical":"https:\/\/monteroy.tech\/products\/sysquant-paraccount\/","og_locale":"fr_CA","og_type":"article","og_title":"sysQuant Paraccount | Monteroy","og_description":"sysQuant Paraccount est une plateforme SaaS sp\u00e9cialis\u00e9e con\u00e7ue pour simplifier la pr\u00e9paration des d\u00e9clarations fiscales des petites entreprises et des investisseurs individuels canadiens expos\u00e9s aux produits d\u00e9riv\u00e9s et aux march\u00e9s internationaux.","og_url":"https:\/\/monteroy.tech\/products\/sysquant-paraccount\/","og_site_name":"Monteroy","article_modified_time":"2025-09-10T01:45:13+00:00","og_image":[{"width":399,"height":266,"url":"https:\/\/monteroy.tech\/wp-content\/uploads\/2025\/09\/sysQuant-Paraccount.png","type":"image\/png"}],"twitter_card":"summary_large_image","twitter_misc":{"Estimation du temps de lecture":"3 minutes"},"schema":{"@context":"https:\/\/schema.org","@graph":[{"@type":"WebPage","@id":"https:\/\/monteroy.tech\/products\/sysquant-paraccount\/","url":"https:\/\/monteroy.tech\/products\/sysquant-paraccount\/","name":"sysQuant Paraccount | Monteroy","isPartOf":{"@id":"https:\/\/monteroy.tech\/#website"},"primaryImageOfPage":{"@id":"https:\/\/monteroy.tech\/products\/sysquant-paraccount\/#primaryimage"},"image":{"@id":"https:\/\/monteroy.tech\/products\/sysquant-paraccount\/#primaryimage"},"thumbnailUrl":"https:\/\/monteroy.tech\/wp-content\/uploads\/2025\/09\/sysQuant-Paraccount.png","datePublished":"2025-09-09T03:14:34+00:00","dateModified":"2025-09-10T01:45:13+00:00","description":"sysQuant Paraccount est une plateforme SaaS sp\u00e9cialis\u00e9e con\u00e7ue pour simplifier la pr\u00e9paration des d\u00e9clarations fiscales des petites entreprises et des investisseurs individuels canadiens expos\u00e9s aux produits d\u00e9riv\u00e9s et aux march\u00e9s internationaux.","breadcrumb":{"@id":"https:\/\/monteroy.tech\/products\/sysquant-paraccount\/#breadcrumb"},"inLanguage":"fr-CA","potentialAction":[{"@type":"ReadAction","target":["https:\/\/monteroy.tech\/products\/sysquant-paraccount\/"]}]},{"@type":"ImageObject","inLanguage":"fr-CA","@id":"https:\/\/monteroy.tech\/products\/sysquant-paraccount\/#primaryimage","url":"https:\/\/monteroy.tech\/wp-content\/uploads\/2025\/09\/sysQuant-Paraccount.png","contentUrl":"https:\/\/monteroy.tech\/wp-content\/uploads\/2025\/09\/sysQuant-Paraccount.png"},{"@type":"BreadcrumbList","@id":"https:\/\/monteroy.tech\/products\/sysquant-paraccount\/#breadcrumb","itemListElement":[{"@type":"ListItem","position":1,"name":"Accueil","item":"https:\/\/monteroy.tech\/fr\/"},{"@type":"ListItem","position":2,"name":"Produits","item":"https:\/\/monteroy.tech\/fr\/produits\/"},{"@type":"ListItem","position":3,"name":"sysQuant Paraccount"}]},{"@type":"WebSite","@id":"https:\/\/monteroy.tech\/#website","url":"https:\/\/monteroy.tech\/","name":"Monteroy","description":"","potentialAction":[{"@type":"SearchAction","target":{"@type":"EntryPoint","urlTemplate":"https:\/\/monteroy.tech\/?s={search_term_string}"},"query-input":{"@type":"PropertyValueSpecification","valueRequired":true,"valueName":"search_term_string"}}],"inLanguage":"fr-CA"}]}},"_links":{"self":[{"href":"https:\/\/monteroy.tech\/fr\/wp-json\/wp\/v2\/pages\/2625","targetHints":{"allow":["GET"]}}],"collection":[{"href":"https:\/\/monteroy.tech\/fr\/wp-json\/wp\/v2\/pages"}],"about":[{"href":"https:\/\/monteroy.tech\/fr\/wp-json\/wp\/v2\/types\/page"}],"author":[{"embeddable":true,"href":"https:\/\/monteroy.tech\/fr\/wp-json\/wp\/v2\/users\/3"}],"replies":[{"embeddable":true,"href":"https:\/\/monteroy.tech\/fr\/wp-json\/wp\/v2\/comments?post=2625"}],"version-history":[{"count":20,"href":"https:\/\/monteroy.tech\/fr\/wp-json\/wp\/v2\/pages\/2625\/revisions"}],"predecessor-version":[{"id":2808,"href":"https:\/\/monteroy.tech\/fr\/wp-json\/wp\/v2\/pages\/2625\/revisions\/2808"}],"up":[{"embeddable":true,"href":"https:\/\/monteroy.tech\/fr\/wp-json\/wp\/v2\/pages\/2621"}],"wp:attachment":[{"href":"https:\/\/monteroy.tech\/fr\/wp-json\/wp\/v2\/media?parent=2625"}],"curies":[{"name":"wp","href":"https:\/\/api.w.org\/{rel}","templated":true}]}}