{"id":1960,"date":"2023-07-05T12:50:32","date_gmt":"2023-07-05T12:50:32","guid":{"rendered":"https:\/\/monteroy.tech\/?page_id=1960"},"modified":"2025-09-04T20:08:49","modified_gmt":"2025-09-04T20:08:49","slug":"logiquant","status":"publish","type":"page","link":"https:\/\/monteroy.tech\/fr\/logiquant\/","title":{"rendered":"LogiQuant"},"content":{"rendered":"\t\t<div data-elementor-type=\"wp-page\" data-elementor-id=\"1960\" class=\"elementor elementor-1960 elementor-1932\" data-elementor-post-type=\"page\">\n\t\t\t\t\t\t<section class=\"elementor-section elementor-top-section elementor-element elementor-element-67f0fe2 elementor-section-full_width elementor-section-height-default elementor-section-height-default\" data-id=\"67f0fe2\" data-element_type=\"section\" data-e-type=\"section\">\n\t\t\t\t\t\t<div class=\"elementor-container elementor-column-gap-default\">\n\t\t\t\t\t<div class=\"elementor-column elementor-col-100 elementor-top-column elementor-element elementor-element-0a16689\" data-id=\"0a16689\" data-element_type=\"column\" data-e-type=\"column\">\n\t\t\t<div class=\"elementor-widget-wrap elementor-element-populated\">\n\t\t\t\t\t\t<div class=\"elementor-element elementor-element-30f4665 elementor-widget elementor-widget-image\" data-id=\"30f4665\" data-element_type=\"widget\" data-e-type=\"widget\" data-widget_type=\"image.default\">\n\t\t\t\t<div class=\"elementor-widget-container\">\n\t\t\t\t\t\t\t\t\t\t\t\t\t\t\t\t<a href=\"https:\/\/logiquant.com\/fr\" target=\"_blank\">\n\t\t\t\t\t\t\t<img fetchpriority=\"high\" decoding=\"async\" width=\"2000\" height=\"1000\" src=\"https:\/\/monteroy.tech\/wp-content\/uploads\/2023\/06\/logiquantLogo-e1687884159226.png\" class=\"attachment-full size-full wp-image-1874\" alt=\"LogiQuant Logo\" \/>\t\t\t\t\t\t\t\t<\/a>\n\t\t\t\t\t\t\t\t\t\t\t\t\t\t\t<\/div>\n\t\t\t\t<\/div>\n\t\t\t\t\t<\/div>\n\t\t<\/div>\n\t\t\t\t\t<\/div>\n\t\t<\/section>\n\t\t\t\t<section class=\"elementor-section elementor-top-section elementor-element elementor-element-6a5daed elementor-section-full_width elementor-section-height-default elementor-section-height-default\" data-id=\"6a5daed\" data-element_type=\"section\" data-e-type=\"section\">\n\t\t\t\t\t\t<div class=\"elementor-container elementor-column-gap-default\">\n\t\t\t\t\t<div class=\"elementor-column elementor-col-100 elementor-top-column elementor-element elementor-element-7c066dd\" data-id=\"7c066dd\" data-element_type=\"column\" data-e-type=\"column\">\n\t\t\t<div class=\"elementor-widget-wrap elementor-element-populated\">\n\t\t\t\t\t\t<div class=\"elementor-element elementor-element-32e95cd elementor-widget elementor-widget-text-editor\" data-id=\"32e95cd\" data-element_type=\"widget\" data-e-type=\"widget\" data-widget_type=\"text-editor.default\">\n\t\t\t\t<div class=\"elementor-widget-container\">\n\t\t\t\t\t\t\t\t\t<p>Bien que ce service SaaS soit en sommeil depuis un certain temps, Monteroy reste convaincu de son fort potentiel. En particulier, lorsqu&rsquo;il est d\u00e9ploy\u00e9 en tant que solution en marque blanche au sein de grandes organisations, son approche structur\u00e9e visant \u00e0 rationaliser les exigences technologiques peut r\u00e9duire consid\u00e9rablement les co\u00fbts et contourner les cycles d\u00e9cisionnels prolong\u00e9s et motiv\u00e9s par des consid\u00e9rations politiques au niveau de l&rsquo;encadrement interm\u00e9diaire. En permettant aux besoins d&rsquo;\u00eatre exprim\u00e9s directement par les employ\u00e9s, il contribue \u00e9galement \u00e0 \u00e9viter les projets en double, les fonctionnalit\u00e9s qui se chevauchent et les fournisseurs de technologies redondants au sein des groupes d&rsquo;entreprises.<\/p>\t\t\t\t\t\t\t\t<\/div>\n\t\t\t\t<\/div>\n\t\t\t\t<div class=\"elementor-element elementor-element-a51af01 elementor-widget elementor-widget-video\" data-id=\"a51af01\" data-element_type=\"widget\" data-e-type=\"widget\" data-settings=\"{&quot;youtube_url&quot;:&quot;https:\\\/\\\/www.youtube.com\\\/watch?v=rSr1pFxzSbY&quot;,&quot;video_type&quot;:&quot;youtube&quot;,&quot;controls&quot;:&quot;yes&quot;}\" data-widget_type=\"video.default\">\n\t\t\t\t<div class=\"elementor-widget-container\">\n\t\t\t\t\t\t\t<div class=\"elementor-wrapper elementor-open-inline\">\n\t\t\t<div class=\"elementor-video\"><\/div>\t\t<\/div>\n\t\t\t\t\t\t<\/div>\n\t\t\t\t<\/div>\n\t\t\t\t\t<\/div>\n\t\t<\/div>\n\t\t\t\t\t<\/div>\n\t\t<\/section>\n\t\t\t\t<section class=\"elementor-section elementor-top-section elementor-element elementor-element-d50fdb2 elementor-section-full_width elementor-section-height-default elementor-section-height-default\" data-id=\"d50fdb2\" data-element_type=\"section\" data-e-type=\"section\" data-settings=\"{&quot;background_background&quot;:&quot;classic&quot;}\">\n\t\t\t\t\t\t<div class=\"elementor-container elementor-column-gap-default\">\n\t\t\t\t\t<div class=\"elementor-column elementor-col-100 elementor-top-column elementor-element elementor-element-3045885\" data-id=\"3045885\" data-element_type=\"column\" data-e-type=\"column\">\n\t\t\t<div class=\"elementor-widget-wrap elementor-element-populated\">\n\t\t\t\t\t\t<div class=\"elementor-element elementor-element-c73cc84 elementor-hidden-mobile elementor-widget elementor-widget-spacer\" data-id=\"c73cc84\" data-element_type=\"widget\" data-e-type=\"widget\" data-widget_type=\"spacer.default\">\n\t\t\t\t<div class=\"elementor-widget-container\">\n\t\t\t\t\t\t\t<div class=\"elementor-spacer\">\n\t\t\t<div class=\"elementor-spacer-inner\"><\/div>\n\t\t<\/div>\n\t\t\t\t\t\t<\/div>\n\t\t\t\t<\/div>\n\t\t\t\t<div class=\"elementor-element elementor-element-8759fce elementor-widget elementor-widget-heading\" data-id=\"8759fce\" data-element_type=\"widget\" data-e-type=\"widget\" data-widget_type=\"heading.default\">\n\t\t\t\t<div class=\"elementor-widget-container\">\n\t\t\t\t\t<h2 class=\"elementor-heading-title elementor-size-default\">Pr\u00eat \u00e0 confier la conception de votre logiciel \u00e0 Monteroy\u2009?<\/h2>\t\t\t\t<\/div>\n\t\t\t\t<\/div>\n\t\t\t\t<div class=\"elementor-element elementor-element-594e683 elementor-widget elementor-widget-text-editor\" data-id=\"594e683\" data-element_type=\"widget\" data-e-type=\"widget\" data-widget_type=\"text-editor.default\">\n\t\t\t\t<div class=\"elementor-widget-container\">\n\t\t\t\t\t\t\t\t\t<p>Pour en savoir plus sur le service de conception de logiciels Monteroy ou pour toutes autres questions, contactez-nous sans plus tarder. Notre \u00e9quipe vous accompagnera avec plaisir.<\/p>\t\t\t\t\t\t\t\t<\/div>\n\t\t\t\t<\/div>\n\t\t\t\t<div class=\"elementor-element elementor-element-b648fed elementor-align-center btn-principal elementor-widget elementor-widget-button\" data-id=\"b648fed\" data-element_type=\"widget\" data-e-type=\"widget\" data-widget_type=\"button.default\">\n\t\t\t\t<div class=\"elementor-widget-container\">\n\t\t\t\t\t\t\t\t\t<div class=\"elementor-button-wrapper\">\n\t\t\t\t\t<a class=\"elementor-button elementor-button-link elementor-size-sm elementor-animation-grow\" href=\"https:\/\/monteroy.tech\/fr\/contact\/\">\n\t\t\t\t\t\t<span class=\"elementor-button-content-wrapper\">\n\t\t\t\t\t\t\t\t\t<span class=\"elementor-button-text\">Contact<\/span>\n\t\t\t\t\t<\/span>\n\t\t\t\t\t<\/a>\n\t\t\t\t<\/div>\n\t\t\t\t\t\t\t\t<\/div>\n\t\t\t\t<\/div>\n\t\t\t\t\t<\/div>\n\t\t<\/div>\n\t\t\t\t\t<\/div>\n\t\t<\/section>\n\t\t\t\t<\/div>\n\t\t","protected":false},"excerpt":{"rendered":"<p>Bien que ce service SaaS soit en sommeil depuis un certain temps, Monteroy reste convaincu de son fort potentiel. En particulier, lorsqu&rsquo;il est d\u00e9ploy\u00e9 en tant que solution en marque blanche au sein de grandes organisations, son approche structur\u00e9e visant \u00e0 rationaliser les exigences technologiques peut r\u00e9duire consid\u00e9rablement les co\u00fbts et contourner les cycles d\u00e9cisionnels [&hellip;]<\/p>\n","protected":false},"author":3,"featured_media":0,"parent":0,"menu_order":0,"comment_status":"closed","ping_status":"closed","template":"elementor_header_footer","meta":{"_acf_changed":false,"footnotes":""},"class_list":["post-1960","page","type-page","status-publish","hentry"],"acf":[],"yoast_head":"<!-- This site is optimized with the Yoast SEO plugin v27.3 - https:\/\/yoast.com\/product\/yoast-seo-wordpress\/ -->\n<title>LogiQuant - Monteroy<\/title>\n<meta name=\"robots\" content=\"index, follow, max-snippet:-1, max-image-preview:large, max-video-preview:-1\" \/>\n<link rel=\"canonical\" href=\"https:\/\/monteroy.tech\/logiquant\/\" \/>\n<meta property=\"og:locale\" content=\"fr_CA\" \/>\n<meta property=\"og:type\" content=\"article\" \/>\n<meta property=\"og:title\" content=\"LogiQuant - Monteroy\" \/>\n<meta property=\"og:description\" content=\"Bien que ce service SaaS soit en sommeil depuis un certain temps, Monteroy reste convaincu de son fort potentiel. En particulier, lorsqu&rsquo;il est d\u00e9ploy\u00e9 en tant que solution en marque blanche au sein de grandes organisations, son approche structur\u00e9e visant \u00e0 rationaliser les exigences technologiques peut r\u00e9duire consid\u00e9rablement les co\u00fbts et contourner les cycles d\u00e9cisionnels [&hellip;]\" \/>\n<meta property=\"og:url\" content=\"https:\/\/monteroy.tech\/logiquant\/\" \/>\n<meta property=\"og:site_name\" content=\"Monteroy\" \/>\n<meta property=\"article:modified_time\" content=\"2025-09-04T20:08:49+00:00\" \/>\n<meta property=\"og:image\" content=\"https:\/\/monteroy.tech\/wp-content\/uploads\/2023\/06\/logiquantLogo-e1687884159226.png\" \/>\n\t<meta property=\"og:image:width\" content=\"1710\" \/>\n\t<meta property=\"og:image:height\" content=\"460\" \/>\n\t<meta property=\"og:image:type\" content=\"image\/png\" \/>\n<meta name=\"twitter:card\" content=\"summary_large_image\" \/>\n<meta name=\"twitter:label1\" content=\"Estimation du temps de lecture\" \/>\n\t<meta name=\"twitter:data1\" content=\"1 minute\" \/>\n<script type=\"application\/ld+json\" class=\"yoast-schema-graph\">{\"@context\":\"https:\\\/\\\/schema.org\",\"@graph\":[{\"@type\":\"WebPage\",\"@id\":\"https:\\\/\\\/monteroy.tech\\\/logiquant\\\/\",\"url\":\"https:\\\/\\\/monteroy.tech\\\/logiquant\\\/\",\"name\":\"LogiQuant - Monteroy\",\"isPartOf\":{\"@id\":\"https:\\\/\\\/monteroy.tech\\\/#website\"},\"primaryImageOfPage\":{\"@id\":\"https:\\\/\\\/monteroy.tech\\\/logiquant\\\/#primaryimage\"},\"image\":{\"@id\":\"https:\\\/\\\/monteroy.tech\\\/logiquant\\\/#primaryimage\"},\"thumbnailUrl\":\"https:\\\/\\\/monteroy.tech\\\/wp-content\\\/uploads\\\/2023\\\/06\\\/logiquantLogo-e1687884159226.png\",\"datePublished\":\"2023-07-05T12:50:32+00:00\",\"dateModified\":\"2025-09-04T20:08:49+00:00\",\"breadcrumb\":{\"@id\":\"https:\\\/\\\/monteroy.tech\\\/logiquant\\\/#breadcrumb\"},\"inLanguage\":\"fr-CA\",\"potentialAction\":[{\"@type\":\"ReadAction\",\"target\":[\"https:\\\/\\\/monteroy.tech\\\/logiquant\\\/\"]}]},{\"@type\":\"ImageObject\",\"inLanguage\":\"fr-CA\",\"@id\":\"https:\\\/\\\/monteroy.tech\\\/logiquant\\\/#primaryimage\",\"url\":\"https:\\\/\\\/monteroy.tech\\\/wp-content\\\/uploads\\\/2023\\\/06\\\/logiquantLogo-e1687884159226.png\",\"contentUrl\":\"https:\\\/\\\/monteroy.tech\\\/wp-content\\\/uploads\\\/2023\\\/06\\\/logiquantLogo-e1687884159226.png\"},{\"@type\":\"BreadcrumbList\",\"@id\":\"https:\\\/\\\/monteroy.tech\\\/logiquant\\\/#breadcrumb\",\"itemListElement\":[{\"@type\":\"ListItem\",\"position\":1,\"name\":\"Accueil\",\"item\":\"https:\\\/\\\/monteroy.tech\\\/fr\\\/\"},{\"@type\":\"ListItem\",\"position\":2,\"name\":\"LogiQuant\"}]},{\"@type\":\"WebSite\",\"@id\":\"https:\\\/\\\/monteroy.tech\\\/#website\",\"url\":\"https:\\\/\\\/monteroy.tech\\\/\",\"name\":\"Monteroy\",\"description\":\"\",\"potentialAction\":[{\"@type\":\"SearchAction\",\"target\":{\"@type\":\"EntryPoint\",\"urlTemplate\":\"https:\\\/\\\/monteroy.tech\\\/?s={search_term_string}\"},\"query-input\":{\"@type\":\"PropertyValueSpecification\",\"valueRequired\":true,\"valueName\":\"search_term_string\"}}],\"inLanguage\":\"fr-CA\"}]}<\/script>\n<!-- \/ Yoast SEO plugin. -->","yoast_head_json":{"title":"LogiQuant - Monteroy","robots":{"index":"index","follow":"follow","max-snippet":"max-snippet:-1","max-image-preview":"max-image-preview:large","max-video-preview":"max-video-preview:-1"},"canonical":"https:\/\/monteroy.tech\/logiquant\/","og_locale":"fr_CA","og_type":"article","og_title":"LogiQuant - Monteroy","og_description":"Bien que ce service SaaS soit en sommeil depuis un certain temps, Monteroy reste convaincu de son fort potentiel. En particulier, lorsqu&rsquo;il est d\u00e9ploy\u00e9 en tant que solution en marque blanche au sein de grandes organisations, son approche structur\u00e9e visant \u00e0 rationaliser les exigences technologiques peut r\u00e9duire consid\u00e9rablement les co\u00fbts et contourner les cycles d\u00e9cisionnels [&hellip;]","og_url":"https:\/\/monteroy.tech\/logiquant\/","og_site_name":"Monteroy","article_modified_time":"2025-09-04T20:08:49+00:00","og_image":[{"width":1710,"height":460,"url":"https:\/\/monteroy.tech\/wp-content\/uploads\/2023\/06\/logiquantLogo-e1687884159226.png","type":"image\/png"}],"twitter_card":"summary_large_image","twitter_misc":{"Estimation du temps de lecture":"1 minute"},"schema":{"@context":"https:\/\/schema.org","@graph":[{"@type":"WebPage","@id":"https:\/\/monteroy.tech\/logiquant\/","url":"https:\/\/monteroy.tech\/logiquant\/","name":"LogiQuant - Monteroy","isPartOf":{"@id":"https:\/\/monteroy.tech\/#website"},"primaryImageOfPage":{"@id":"https:\/\/monteroy.tech\/logiquant\/#primaryimage"},"image":{"@id":"https:\/\/monteroy.tech\/logiquant\/#primaryimage"},"thumbnailUrl":"https:\/\/monteroy.tech\/wp-content\/uploads\/2023\/06\/logiquantLogo-e1687884159226.png","datePublished":"2023-07-05T12:50:32+00:00","dateModified":"2025-09-04T20:08:49+00:00","breadcrumb":{"@id":"https:\/\/monteroy.tech\/logiquant\/#breadcrumb"},"inLanguage":"fr-CA","potentialAction":[{"@type":"ReadAction","target":["https:\/\/monteroy.tech\/logiquant\/"]}]},{"@type":"ImageObject","inLanguage":"fr-CA","@id":"https:\/\/monteroy.tech\/logiquant\/#primaryimage","url":"https:\/\/monteroy.tech\/wp-content\/uploads\/2023\/06\/logiquantLogo-e1687884159226.png","contentUrl":"https:\/\/monteroy.tech\/wp-content\/uploads\/2023\/06\/logiquantLogo-e1687884159226.png"},{"@type":"BreadcrumbList","@id":"https:\/\/monteroy.tech\/logiquant\/#breadcrumb","itemListElement":[{"@type":"ListItem","position":1,"name":"Accueil","item":"https:\/\/monteroy.tech\/fr\/"},{"@type":"ListItem","position":2,"name":"LogiQuant"}]},{"@type":"WebSite","@id":"https:\/\/monteroy.tech\/#website","url":"https:\/\/monteroy.tech\/","name":"Monteroy","description":"","potentialAction":[{"@type":"SearchAction","target":{"@type":"EntryPoint","urlTemplate":"https:\/\/monteroy.tech\/?s={search_term_string}"},"query-input":{"@type":"PropertyValueSpecification","valueRequired":true,"valueName":"search_term_string"}}],"inLanguage":"fr-CA"}]}},"_links":{"self":[{"href":"https:\/\/monteroy.tech\/fr\/wp-json\/wp\/v2\/pages\/1960","targetHints":{"allow":["GET"]}}],"collection":[{"href":"https:\/\/monteroy.tech\/fr\/wp-json\/wp\/v2\/pages"}],"about":[{"href":"https:\/\/monteroy.tech\/fr\/wp-json\/wp\/v2\/types\/page"}],"author":[{"embeddable":true,"href":"https:\/\/monteroy.tech\/fr\/wp-json\/wp\/v2\/users\/3"}],"replies":[{"embeddable":true,"href":"https:\/\/monteroy.tech\/fr\/wp-json\/wp\/v2\/comments?post=1960"}],"version-history":[{"count":19,"href":"https:\/\/monteroy.tech\/fr\/wp-json\/wp\/v2\/pages\/1960\/revisions"}],"predecessor-version":[{"id":2357,"href":"https:\/\/monteroy.tech\/fr\/wp-json\/wp\/v2\/pages\/1960\/revisions\/2357"}],"wp:attachment":[{"href":"https:\/\/monteroy.tech\/fr\/wp-json\/wp\/v2\/media?parent=1960"}],"curies":[{"name":"wp","href":"https:\/\/api.w.org\/{rel}","templated":true}]}}