{"id":1763,"date":"2023-04-27T21:28:26","date_gmt":"2023-04-27T21:28:26","guid":{"rendered":"https:\/\/monteroy.tech\/?page_id=1763"},"modified":"2023-04-28T09:06:31","modified_gmt":"2023-04-28T09:06:31","slug":"politique-en-matiere-de-cookies","status":"publish","type":"page","link":"https:\/\/monteroy.tech\/fr\/politique-en-matiere-de-cookies\/","title":{"rendered":"Politique en mati\u00e8re de cookies"},"content":{"rendered":"\t\t<div data-elementor-type=\"wp-page\" data-elementor-id=\"1763\" class=\"elementor elementor-1763 elementor-1755\" data-elementor-post-type=\"page\">\n\t\t\t\t\t\t<section class=\"elementor-section elementor-top-section elementor-element elementor-element-bacb349 elementor-section-boxed elementor-section-height-default elementor-section-height-default\" data-id=\"bacb349\" data-element_type=\"section\" data-e-type=\"section\">\n\t\t\t\t\t\t<div class=\"elementor-container elementor-column-gap-default\">\n\t\t\t\t\t<div class=\"elementor-column elementor-col-100 elementor-top-column elementor-element elementor-element-1926b1d\" data-id=\"1926b1d\" data-element_type=\"column\" data-e-type=\"column\">\n\t\t\t<div class=\"elementor-widget-wrap elementor-element-populated\">\n\t\t\t\t\t\t<div class=\"elementor-element elementor-element-cdf714a elementor-widget elementor-widget-text-editor\" data-id=\"cdf714a\" data-element_type=\"widget\" data-e-type=\"widget\" data-widget_type=\"text-editor.default\">\n\t\t\t\t<div class=\"elementor-widget-container\">\n\t\t\t\t\t\t\t\t\t<h2><strong>Politique en mati\u00e8re de cookies<\/strong><\/h2><p>Derni\u00e8re mise \u00e0 jour : 26 avril 2023 10:11 AM<\/p><p>Nous accordons une grande importance \u00e0 la protection de votre vie priv\u00e9e. Veuillez lire attentivement la pr\u00e9sente politique en mati\u00e8re de cookies avant d&rsquo;utiliser le site Web https:\/\/monteroy.tech\/ (le \u00a0\u00bb site Web \u00ab\u00a0) exploit\u00e9 par Monteroy Inc. une (n) soci\u00e9t\u00e9 constitu\u00e9e au Qu\u00e9bec, Canada (\u00a0\u00bb nous \u00ab\u00a0, \u00a0\u00bb nous \u00ab\u00a0, \u00a0\u00bb notre \u00ab\u00a0), car la pr\u00e9sente politique en mati\u00e8re de cookies contient des informations importantes concernant notre utilisation des cookies et d&rsquo;autres technologies de suivi, votre vie priv\u00e9e et la mani\u00e8re dont nous pouvons utiliser les informations que nous recueillons \u00e0 votre sujet. Veuillez \u00e9galement lire notre Politique de confidentialit\u00e9, qui fournit de plus amples informations sur nos pratiques en mati\u00e8re de confidentialit\u00e9, sur vos choix et sur vos droits en mati\u00e8re de confidentialit\u00e9.<\/p><h2><strong>Qu&rsquo;est-ce qu&rsquo;un \u00ab\u00a0cookie\u00a0\u00bb (biscuit) ?<\/strong><\/h2><p>Un cookie est un petit \u00e9l\u00e9ment de donn\u00e9es envoy\u00e9 par un site web et stock\u00e9 sur votre appareil par votre navigateur.<\/p><h2><strong>Notre collecte et notre classification des cookies<\/strong><\/h2><p>Ce site Internet collecte les cookies identifi\u00e9s ci-dessous. Nous avons class\u00e9 les cookies que nous collectons en fonction de leur finalit\u00e9.<\/p><h2><strong>Cookies essentiels<\/strong><\/h2><p>Les cookies essentiels sont des cookies indispensables pour vous permettre de naviguer sur ce site web et d&rsquo;utiliser ses fonctionnalit\u00e9s. Par exemple, ces cookies peuvent \u00eatre utilis\u00e9s pour maintenir la s\u00e9curit\u00e9, authentifier les utilisateurs et pr\u00e9venir les actions frauduleuses. Ces cookies sont activ\u00e9s par d\u00e9faut et, sans eux, le site web peut ne pas \u00eatre pleinement fonctionnel. Ce site Web recueille les cookies strictement n\u00e9cessaires\/essentiels suivants :<\/p>\t\t\t\t\t\t\t\t<\/div>\n\t\t\t\t<\/div>\n\t\t\t\t<div class=\"elementor-element elementor-element-a700a9f accord elementor-widget elementor-widget-toggle\" data-id=\"a700a9f\" data-element_type=\"widget\" data-e-type=\"widget\" data-widget_type=\"toggle.default\">\n\t\t\t\t<div class=\"elementor-widget-container\">\n\t\t\t\t\t\t\t<div class=\"elementor-toggle\">\n\t\t\t\t\t\t\t<div class=\"elementor-toggle-item\">\n\t\t\t\t\t<div id=\"elementor-tab-title-1751\" class=\"elementor-tab-title\" data-tab=\"1\" role=\"button\" aria-controls=\"elementor-tab-content-1751\" aria-expanded=\"false\">\n\t\t\t\t\t\t\t\t\t\t\t\t<span class=\"elementor-toggle-icon elementor-toggle-icon-left\" aria-hidden=\"true\">\n\t\t\t\t\t\t\t\t\t\t\t\t\t\t\t<span class=\"elementor-toggle-icon-closed\"><i class=\"fas fa-caret-right\"><\/i><\/span>\n\t\t\t\t\t\t\t\t<span class=\"elementor-toggle-icon-opened\"><i class=\"elementor-toggle-icon-opened fas fa-caret-up\"><\/i><\/span>\n\t\t\t\t\t\t\t\t\t\t\t\t\t<\/span>\n\t\t\t\t\t\t\t\t\t\t\t\t<a class=\"elementor-toggle-title\" tabindex=\"0\">Plateforme de gestion du consentement Usercentrics<\/a>\n\t\t\t\t\t<\/div>\n\n\t\t\t\t\t<div id=\"elementor-tab-content-1751\" class=\"elementor-tab-content elementor-clearfix\" data-tab=\"1\" role=\"region\" aria-labelledby=\"elementor-tab-title-1751\"><h4><strong>Fournisseur du cookie<\/strong><\/h4><p>Usercentrics GmbH<\/p><h4><strong>Provenance<\/strong><\/h4><p>Tiers<\/p><h4><strong>Objectif<\/strong><\/h4><p>\u25cf Respect des obligations l\u00e9gales ;<br \/>\u25cf Stockage du consentement.<\/p><h4><strong>Dur\u00e9e de l\u2019accord<\/strong><\/h4><p>Perp\u00e9tuelle<\/p><\/div>\n\t\t\t\t<\/div>\n\t\t\t\t\t\t\t<div class=\"elementor-toggle-item\">\n\t\t\t\t\t<div id=\"elementor-tab-title-1752\" class=\"elementor-tab-title\" data-tab=\"2\" role=\"button\" aria-controls=\"elementor-tab-content-1752\" aria-expanded=\"false\">\n\t\t\t\t\t\t\t\t\t\t\t\t<span class=\"elementor-toggle-icon elementor-toggle-icon-left\" aria-hidden=\"true\">\n\t\t\t\t\t\t\t\t\t\t\t\t\t\t\t<span class=\"elementor-toggle-icon-closed\"><i class=\"fas fa-caret-right\"><\/i><\/span>\n\t\t\t\t\t\t\t\t<span class=\"elementor-toggle-icon-opened\"><i class=\"elementor-toggle-icon-opened fas fa-caret-up\"><\/i><\/span>\n\t\t\t\t\t\t\t\t\t\t\t\t\t<\/span>\n\t\t\t\t\t\t\t\t\t\t\t\t<a class=\"elementor-toggle-title\" tabindex=\"0\">gstatic.com<\/a>\n\t\t\t\t\t<\/div>\n\n\t\t\t\t\t<div id=\"elementor-tab-content-1752\" class=\"elementor-tab-content elementor-clearfix\" data-tab=\"2\" role=\"region\" aria-labelledby=\"elementor-tab-title-1752\"><h4><strong>Fournisseur du cookie<\/strong><\/h4><p>gstatic.com<\/p><h4><strong>Provenance<\/strong><\/h4><p>Tiers<\/p><h4><strong>Objectif<\/strong><\/h4><p>\u25cf Augmenter les performances du r\u00e9seau ;\u25cf R\u00e9duire l\u2019utilisation de la bande passante.<\/p><h4><strong>Dur\u00e9e de l\u2019accord<\/strong><\/h4><p>Perp\u00e9tuelle<\/p><\/div>\n\t\t\t\t<\/div>\n\t\t\t\t\t\t\t\t<\/div>\n\t\t\t\t\t\t<\/div>\n\t\t\t\t<\/div>\n\t\t\t\t<div class=\"elementor-element elementor-element-319287a elementor-widget elementor-widget-text-editor\" data-id=\"319287a\" data-element_type=\"widget\" data-e-type=\"widget\" data-widget_type=\"text-editor.default\">\n\t\t\t\t<div class=\"elementor-widget-container\">\n\t\t\t\t\t\t\t\t\t<h2><strong>Cookies fonctionnels<\/strong><\/h2><p>Les cookies fonctionnels sont des cookies qui permettent \u00e0 un site web de se souvenir des choix que vous avez faits dans le pass\u00e9 et de la mani\u00e8re dont vous utilisez le site web. Par exemple, ces cookies peuvent \u00eatre utilis\u00e9s pour se souvenir de la langue que vous pr\u00e9f\u00e9rez, des pages sur lesquelles vous avez cliqu\u00e9 ou de votre nom d&rsquo;utilisateur et de votre mot de passe afin que vous puissiez vous connecter automatiquement \u00e0 votre compte. Ces cookies sont d\u00e9sactiv\u00e9s par d\u00e9faut et ne seront activ\u00e9s que si vous y consentez. Si vous donnez votre consentement, ce site web collectera les cookies fonctionnels suivants :<\/p>\t\t\t\t\t\t\t\t<\/div>\n\t\t\t\t<\/div>\n\t\t\t\t<div class=\"elementor-element elementor-element-ed2eef4 accord elementor-widget elementor-widget-toggle\" data-id=\"ed2eef4\" data-element_type=\"widget\" data-e-type=\"widget\" data-widget_type=\"toggle.default\">\n\t\t\t\t<div class=\"elementor-widget-container\">\n\t\t\t\t\t\t\t<div class=\"elementor-toggle\">\n\t\t\t\t\t\t\t<div class=\"elementor-toggle-item\">\n\t\t\t\t\t<div id=\"elementor-tab-title-2481\" class=\"elementor-tab-title\" data-tab=\"1\" role=\"button\" aria-controls=\"elementor-tab-content-2481\" aria-expanded=\"false\">\n\t\t\t\t\t\t\t\t\t\t\t\t<span class=\"elementor-toggle-icon elementor-toggle-icon-left\" aria-hidden=\"true\">\n\t\t\t\t\t\t\t\t\t\t\t\t\t\t\t<span class=\"elementor-toggle-icon-closed\"><i class=\"fas fa-caret-right\"><\/i><\/span>\n\t\t\t\t\t\t\t\t<span class=\"elementor-toggle-icon-opened\"><i class=\"elementor-toggle-icon-opened fas fa-caret-up\"><\/i><\/span>\n\t\t\t\t\t\t\t\t\t\t\t\t\t<\/span>\n\t\t\t\t\t\t\t\t\t\t\t\t<a class=\"elementor-toggle-title\" tabindex=\"0\">Polices de caract\u00e8res Google<\/a>\n\t\t\t\t\t<\/div>\n\n\t\t\t\t\t<div id=\"elementor-tab-content-2481\" class=\"elementor-tab-content elementor-clearfix\" data-tab=\"1\" role=\"region\" aria-labelledby=\"elementor-tab-title-2481\"><h4><strong>Fournisseur du cookie<\/strong><\/h4><p>Google Ireland Limited<\/p><h4><strong>Provenance<\/strong><\/h4><p>Tiers<\/p><h4><strong>Objectif<\/strong><\/h4><p>\u25cf Fournir des polices de caract\u00e8res ;<br \/>\u25cf Am\u00e9lioration du service.<\/p><h4><strong>Dur\u00e9e de l\u2019accord<\/strong><\/h4><p>Perp\u00e9tuelle<\/p><h4><strong>Comment se d\u00e9sinscrire ?<\/strong><\/h4><p>Visitez le site web du fournisseur de cookies.<\/p><\/div>\n\t\t\t\t<\/div>\n\t\t\t\t\t\t\t<div class=\"elementor-toggle-item\">\n\t\t\t\t\t<div id=\"elementor-tab-title-2482\" class=\"elementor-tab-title\" data-tab=\"2\" role=\"button\" aria-controls=\"elementor-tab-content-2482\" aria-expanded=\"false\">\n\t\t\t\t\t\t\t\t\t\t\t\t<span class=\"elementor-toggle-icon elementor-toggle-icon-left\" aria-hidden=\"true\">\n\t\t\t\t\t\t\t\t\t\t\t\t\t\t\t<span class=\"elementor-toggle-icon-closed\"><i class=\"fas fa-caret-right\"><\/i><\/span>\n\t\t\t\t\t\t\t\t<span class=\"elementor-toggle-icon-opened\"><i class=\"elementor-toggle-icon-opened fas fa-caret-up\"><\/i><\/span>\n\t\t\t\t\t\t\t\t\t\t\t\t\t<\/span>\n\t\t\t\t\t\t\t\t\t\t\t\t<a class=\"elementor-toggle-title\" tabindex=\"0\">Google Tag Manager<\/a>\n\t\t\t\t\t<\/div>\n\n\t\t\t\t\t<div id=\"elementor-tab-content-2482\" class=\"elementor-tab-content elementor-clearfix\" data-tab=\"2\" role=\"region\" aria-labelledby=\"elementor-tab-title-2482\"><h4><strong>Fournisseur du cookie<\/strong><\/h4><p>Google Ireland Limited<\/p><h4><strong>Provenance<\/strong><\/h4><p>Tiers<\/p><h4><strong>Objectif<\/strong><\/h4><p>Gestion des balises.<\/p><h4><strong>Dur\u00e9e de l\u2019accord<\/strong><\/h4><p>Perp\u00e9tuelle<\/p><h4><strong>Comment se d\u00e9sinscrire ?<\/strong><\/h4><p>Visitez le site web du fournisseur de cookies.<\/p><\/div>\n\t\t\t\t<\/div>\n\t\t\t\t\t\t\t<div class=\"elementor-toggle-item\">\n\t\t\t\t\t<div id=\"elementor-tab-title-2483\" class=\"elementor-tab-title\" data-tab=\"3\" role=\"button\" aria-controls=\"elementor-tab-content-2483\" aria-expanded=\"false\">\n\t\t\t\t\t\t\t\t\t\t\t\t<span class=\"elementor-toggle-icon elementor-toggle-icon-left\" aria-hidden=\"true\">\n\t\t\t\t\t\t\t\t\t\t\t\t\t\t\t<span class=\"elementor-toggle-icon-closed\"><i class=\"fas fa-caret-right\"><\/i><\/span>\n\t\t\t\t\t\t\t\t<span class=\"elementor-toggle-icon-opened\"><i class=\"elementor-toggle-icon-opened fas fa-caret-up\"><\/i><\/span>\n\t\t\t\t\t\t\t\t\t\t\t\t\t<\/span>\n\t\t\t\t\t\t\t\t\t\t\t\t<a class=\"elementor-toggle-title\" tabindex=\"0\">Fontawesome<\/a>\n\t\t\t\t\t<\/div>\n\n\t\t\t\t\t<div id=\"elementor-tab-content-2483\" class=\"elementor-tab-content elementor-clearfix\" data-tab=\"3\" role=\"region\" aria-labelledby=\"elementor-tab-title-2483\"><h4><strong>Fournisseur du cookie<\/strong><\/h4><p>Fonticons. Inc.<\/p><h4><strong>Provenance<\/strong><\/h4><p>Tiers<\/p><h4><strong>Objectif<\/strong><\/h4><p>Fournir des polices de caract\u00e8res.<\/p><h4><strong>Dur\u00e9e de l\u2019accord<\/strong><\/h4><p>2 ans, 12 heures<\/p><h4><strong>Comment se d\u00e9sinscrire ?<\/strong><\/h4><p>Visitez le site web du fournisseur de cookies.<\/p><\/div>\n\t\t\t\t<\/div>\n\t\t\t\t\t\t\t<div class=\"elementor-toggle-item\">\n\t\t\t\t\t<div id=\"elementor-tab-title-2484\" class=\"elementor-tab-title\" data-tab=\"4\" role=\"button\" aria-controls=\"elementor-tab-content-2484\" aria-expanded=\"false\">\n\t\t\t\t\t\t\t\t\t\t\t\t<span class=\"elementor-toggle-icon elementor-toggle-icon-left\" aria-hidden=\"true\">\n\t\t\t\t\t\t\t\t\t\t\t\t\t\t\t<span class=\"elementor-toggle-icon-closed\"><i class=\"fas fa-caret-right\"><\/i><\/span>\n\t\t\t\t\t\t\t\t<span class=\"elementor-toggle-icon-opened\"><i class=\"elementor-toggle-icon-opened fas fa-caret-up\"><\/i><\/span>\n\t\t\t\t\t\t\t\t\t\t\t\t\t<\/span>\n\t\t\t\t\t\t\t\t\t\t\t\t<a class=\"elementor-toggle-title\" tabindex=\"0\">Polices Adobe<\/a>\n\t\t\t\t\t<\/div>\n\n\t\t\t\t\t<div id=\"elementor-tab-content-2484\" class=\"elementor-tab-content elementor-clearfix\" data-tab=\"4\" role=\"region\" aria-labelledby=\"elementor-tab-title-2484\"><h4><strong>Fournisseur du cookie<\/strong><\/h4><p>Adobe Systems Software Ireland Limited<\/p><h4><strong>Provenance<\/strong><\/h4><p>Tiers<\/p><h4><strong>Objectif<\/strong><\/h4><p>\u25cf Fonctionnalit\u00e9 ;<br \/>\u25cf Optimisation ;<br \/>\u25cf Fournir des polices de caract\u00e8res.<\/p><h4><strong>Dur\u00e9e de l\u2019accord<\/strong><\/h4><p>2 ans, 12 heures<\/p><h4><strong>Comment se d\u00e9sinscrire ?<\/strong><\/h4><p>https:\/\/www.adobe.com\/privacy\/opt-out.html<\/p><\/div>\n\t\t\t\t<\/div>\n\t\t\t\t\t\t\t<div class=\"elementor-toggle-item\">\n\t\t\t\t\t<div id=\"elementor-tab-title-2485\" class=\"elementor-tab-title\" data-tab=\"5\" role=\"button\" aria-controls=\"elementor-tab-content-2485\" aria-expanded=\"false\">\n\t\t\t\t\t\t\t\t\t\t\t\t<span class=\"elementor-toggle-icon elementor-toggle-icon-left\" aria-hidden=\"true\">\n\t\t\t\t\t\t\t\t\t\t\t\t\t\t\t<span class=\"elementor-toggle-icon-closed\"><i class=\"fas fa-caret-right\"><\/i><\/span>\n\t\t\t\t\t\t\t\t<span class=\"elementor-toggle-icon-opened\"><i class=\"elementor-toggle-icon-opened fas fa-caret-up\"><\/i><\/span>\n\t\t\t\t\t\t\t\t\t\t\t\t\t<\/span>\n\t\t\t\t\t\t\t\t\t\t\t\t<a class=\"elementor-toggle-title\" tabindex=\"0\">reCAPTCHA<\/a>\n\t\t\t\t\t<\/div>\n\n\t\t\t\t\t<div id=\"elementor-tab-content-2485\" class=\"elementor-tab-content elementor-clearfix\" data-tab=\"5\" role=\"region\" aria-labelledby=\"elementor-tab-title-2485\"><h4><strong>Fournisseur du cookie<\/strong><\/h4><p>Google Ireland Limited<\/p><h4><strong>Provenance<\/strong><\/h4><p>Tiers<\/p><h4><strong>Objectif<\/strong><\/h4><p>\u25cf Protection des plantes ;<br \/>\u25cf Pr\u00e9vention du spam ;<br \/>\u25cf D\u00e9tection de la fraude.<\/p><h4><strong>Dur\u00e9e de l\u2019accord<\/strong><\/h4><p>5 mois, 3 semaines, 6 jours, 22 heures<\/p><h4><strong>Comment se d\u00e9sinscrire ?<\/strong><\/h4><p>Visitez le site web du fournisseur de cookies.<\/p><\/div>\n\t\t\t\t<\/div>\n\t\t\t\t\t\t\t\t<\/div>\n\t\t\t\t\t\t<\/div>\n\t\t\t\t<\/div>\n\t\t\t\t<div class=\"elementor-element elementor-element-ef51600 elementor-widget elementor-widget-text-editor\" data-id=\"ef51600\" data-element_type=\"widget\" data-e-type=\"widget\" data-widget_type=\"text-editor.default\">\n\t\t\t\t<div class=\"elementor-widget-container\">\n\t\t\t\t\t\t\t\t\t<h2><strong>Cookies marketing<\/strong><\/h2><p>Les cookies marketing sont des cookies qui suivent votre activit\u00e9 en ligne afin, par exemple, d&rsquo;aider les annonceurs \u00e0 fournir des publicit\u00e9s plus pertinentes ou de limiter le nombre de fois que vous voyez une publicit\u00e9. Ces cookies sont d\u00e9sactiv\u00e9s par d\u00e9faut et ne seront activ\u00e9s que si vous y consentez. Si vous donnez votre accord, ce site web collectera les cookies de marketing suivants :<\/p>\t\t\t\t\t\t\t\t<\/div>\n\t\t\t\t<\/div>\n\t\t\t\t<div class=\"elementor-element elementor-element-46801cb accord elementor-widget elementor-widget-toggle\" data-id=\"46801cb\" data-element_type=\"widget\" data-e-type=\"widget\" data-widget_type=\"toggle.default\">\n\t\t\t\t<div class=\"elementor-widget-container\">\n\t\t\t\t\t\t\t<div class=\"elementor-toggle\">\n\t\t\t\t\t\t\t<div class=\"elementor-toggle-item\">\n\t\t\t\t\t<div id=\"elementor-tab-title-7391\" class=\"elementor-tab-title\" data-tab=\"1\" role=\"button\" aria-controls=\"elementor-tab-content-7391\" aria-expanded=\"false\">\n\t\t\t\t\t\t\t\t\t\t\t\t<span class=\"elementor-toggle-icon elementor-toggle-icon-left\" aria-hidden=\"true\">\n\t\t\t\t\t\t\t\t\t\t\t\t\t\t\t<span class=\"elementor-toggle-icon-closed\"><i class=\"fas fa-caret-right\"><\/i><\/span>\n\t\t\t\t\t\t\t\t<span class=\"elementor-toggle-icon-opened\"><i class=\"elementor-toggle-icon-opened fas fa-caret-up\"><\/i><\/span>\n\t\t\t\t\t\t\t\t\t\t\t\t\t<\/span>\n\t\t\t\t\t\t\t\t\t\t\t\t<a class=\"elementor-toggle-title\" tabindex=\"0\">Google Analytics<\/a>\n\t\t\t\t\t<\/div>\n\n\t\t\t\t\t<div id=\"elementor-tab-content-7391\" class=\"elementor-tab-content elementor-clearfix\" data-tab=\"1\" role=\"region\" aria-labelledby=\"elementor-tab-title-7391\"><h4><strong>Fournisseur du cookie<\/strong><\/h4><p>Google Ireland Limited<\/p><h4><strong>Provenance<\/strong><\/h4><p>Tiers<\/p><h4><strong>Objectif<\/strong><\/h4><p>\u25cf Marketing ;<br \/>\u25cf Analyse.<\/p><h4><strong>Dur\u00e9e de l\u2019accord<\/strong><\/h4><p>2 ans, 12 heures<\/p><h4><strong>Comment se d\u00e9sinscrire ?<\/strong><\/h4><p>https:\/\/tools.google.com\/dlpage\/gaoptout?hl=de<\/p><\/div>\n\t\t\t\t<\/div>\n\t\t\t\t\t\t\t\t<\/div>\n\t\t\t\t\t\t<\/div>\n\t\t\t\t<\/div>\n\t\t\t\t\t<\/div>\n\t\t<\/div>\n\t\t\t\t\t<\/div>\n\t\t<\/section>\n\t\t\t\t<section class=\"elementor-section elementor-top-section elementor-element elementor-element-f66dec7 elementor-section-boxed elementor-section-height-default elementor-section-height-default\" data-id=\"f66dec7\" data-element_type=\"section\" data-e-type=\"section\">\n\t\t\t\t\t\t<div class=\"elementor-container elementor-column-gap-default\">\n\t\t\t\t\t<div class=\"elementor-column elementor-col-100 elementor-top-column elementor-element elementor-element-ac762d9\" data-id=\"ac762d9\" data-element_type=\"column\" data-e-type=\"column\">\n\t\t\t<div class=\"elementor-widget-wrap elementor-element-populated\">\n\t\t\t\t\t\t<div class=\"elementor-element elementor-element-233d281 elementor-widget elementor-widget-text-editor\" data-id=\"233d281\" data-element_type=\"widget\" data-e-type=\"widget\" data-widget_type=\"text-editor.default\">\n\t\t\t\t<div class=\"elementor-widget-container\">\n\t\t\t\t\t\t\t\t\t<h2><strong>Vos choix concernant les cookies<\/strong><\/h2><p>Vous disposez de certains choix en ce qui concerne le placement de cookies sur votre appareil. Vous pouvez choisir d&rsquo;accepter ou de refuser les cookies fonctionnels ou de marketing. Si vous consentez \u00e0 l&rsquo;utilisation de ces cookies mais que vous souhaitez ensuite retirer votre consentement, vous pouvez le faire \u00e0 tout moment gr\u00e2ce \u00e0 notre outil de consentement aux cookies, qui se trouve sur la page d&rsquo;accueil du site web. Vous pouvez contr\u00f4ler vos choix en mati\u00e8re de cookies par les moyens suivants :<\/p><ul><li>par le biais de notre outil de consentement aux cookies, qui vous permet de s\u00e9lectionner les cat\u00e9gories de cookies que vous autorisez \u00e0 placer sur votre appareil et de retirer ce consentement ; et<\/li><li>Par l&rsquo;interm\u00e9diaire de votre navigateur, o\u00f9 vous pouvez lui demander de supprimer ou de refuser les cookies. Vous pouvez consulter le centre d&rsquo;aide de votre navigateur, les pages \u00ab\u00a0Outils\u00a0\u00bb, \u00ab\u00a0Modifier\u00a0\u00bb ou \u00ab\u00a0Aide\u00a0\u00bb pour d\u00e9finir vos pr\u00e9f\u00e9rences en mati\u00e8re de cookies et les supprimer. Nous vous encourageons \u00e9galement \u00e0 visiter le site aboutcookies.org pour en savoir plus sur la mani\u00e8re de refuser les cookies.<\/li><\/ul><h2><strong>Questions<\/strong><\/h2><p>Si vous avez des questions concernant cette politique en mati\u00e8re de cookies, veuillez nous contacter \u00e0 l&rsquo;adresse suivante : info@monteroy.tech.<\/p>\t\t\t\t\t\t\t\t<\/div>\n\t\t\t\t<\/div>\n\t\t\t\t\t<\/div>\n\t\t<\/div>\n\t\t\t\t\t<\/div>\n\t\t<\/section>\n\t\t\t\t<\/div>\n\t\t","protected":false},"excerpt":{"rendered":"<p>Politique en mati\u00e8re de cookies Derni\u00e8re mise \u00e0 jour : 26 avril 2023 10:11 AM Nous accordons une grande importance \u00e0 la protection de votre vie priv\u00e9e. Veuillez lire attentivement la pr\u00e9sente politique en mati\u00e8re de cookies avant d&rsquo;utiliser le site Web https:\/\/monteroy.tech\/ (le \u00a0\u00bb site Web \u00ab\u00a0) exploit\u00e9 par Monteroy Inc. une (n) soci\u00e9t\u00e9 [&hellip;]<\/p>\n","protected":false},"author":3,"featured_media":0,"parent":0,"menu_order":0,"comment_status":"closed","ping_status":"closed","template":"","meta":{"_acf_changed":false,"footnotes":""},"class_list":["post-1763","page","type-page","status-publish","hentry"],"acf":[],"yoast_head":"<!-- This site is optimized with the Yoast SEO plugin v27.3 - https:\/\/yoast.com\/product\/yoast-seo-wordpress\/ -->\n<title>Politique en mati\u00e8re de cookies - Monteroy<\/title>\n<meta name=\"robots\" content=\"index, follow, max-snippet:-1, max-image-preview:large, max-video-preview:-1\" \/>\n<link rel=\"canonical\" href=\"https:\/\/monteroy.tech\/fr\/politique-en-matiere-de-cookies\/\" \/>\n<meta property=\"og:locale\" content=\"fr_CA\" \/>\n<meta property=\"og:type\" content=\"article\" \/>\n<meta property=\"og:title\" content=\"Politique en mati\u00e8re de cookies - Monteroy\" \/>\n<meta property=\"og:description\" content=\"Politique en mati\u00e8re de cookies Derni\u00e8re mise \u00e0 jour : 26 avril 2023 10:11 AM Nous accordons une grande importance \u00e0 la protection de votre vie priv\u00e9e. Veuillez lire attentivement la pr\u00e9sente politique en mati\u00e8re de cookies avant d&rsquo;utiliser le site Web https:\/\/monteroy.tech\/ (le \u00a0\u00bb site Web \u00ab\u00a0) exploit\u00e9 par Monteroy Inc. une (n) soci\u00e9t\u00e9 [&hellip;]\" \/>\n<meta property=\"og:url\" content=\"https:\/\/monteroy.tech\/fr\/politique-en-matiere-de-cookies\/\" \/>\n<meta property=\"og:site_name\" content=\"Monteroy\" \/>\n<meta property=\"article:modified_time\" content=\"2023-04-28T09:06:31+00:00\" \/>\n<meta name=\"twitter:card\" content=\"summary_large_image\" \/>\n<meta name=\"twitter:label1\" content=\"Estimation du temps de lecture\" \/>\n\t<meta name=\"twitter:data1\" content=\"5 minutes\" \/>\n<script type=\"application\/ld+json\" class=\"yoast-schema-graph\">{\"@context\":\"https:\\\/\\\/schema.org\",\"@graph\":[{\"@type\":\"WebPage\",\"@id\":\"https:\\\/\\\/monteroy.tech\\\/fr\\\/politique-en-matiere-de-cookies\\\/\",\"url\":\"https:\\\/\\\/monteroy.tech\\\/fr\\\/politique-en-matiere-de-cookies\\\/\",\"name\":\"Politique en mati\u00e8re de cookies - Monteroy\",\"isPartOf\":{\"@id\":\"https:\\\/\\\/monteroy.tech\\\/#website\"},\"datePublished\":\"2023-04-27T21:28:26+00:00\",\"dateModified\":\"2023-04-28T09:06:31+00:00\",\"breadcrumb\":{\"@id\":\"https:\\\/\\\/monteroy.tech\\\/fr\\\/politique-en-matiere-de-cookies\\\/#breadcrumb\"},\"inLanguage\":\"fr-CA\",\"potentialAction\":[{\"@type\":\"ReadAction\",\"target\":[\"https:\\\/\\\/monteroy.tech\\\/fr\\\/politique-en-matiere-de-cookies\\\/\"]}]},{\"@type\":\"BreadcrumbList\",\"@id\":\"https:\\\/\\\/monteroy.tech\\\/fr\\\/politique-en-matiere-de-cookies\\\/#breadcrumb\",\"itemListElement\":[{\"@type\":\"ListItem\",\"position\":1,\"name\":\"Accueil\",\"item\":\"https:\\\/\\\/monteroy.tech\\\/fr\\\/\"},{\"@type\":\"ListItem\",\"position\":2,\"name\":\"Politique en mati\u00e8re de cookies\"}]},{\"@type\":\"WebSite\",\"@id\":\"https:\\\/\\\/monteroy.tech\\\/#website\",\"url\":\"https:\\\/\\\/monteroy.tech\\\/\",\"name\":\"Monteroy\",\"description\":\"\",\"potentialAction\":[{\"@type\":\"SearchAction\",\"target\":{\"@type\":\"EntryPoint\",\"urlTemplate\":\"https:\\\/\\\/monteroy.tech\\\/?s={search_term_string}\"},\"query-input\":{\"@type\":\"PropertyValueSpecification\",\"valueRequired\":true,\"valueName\":\"search_term_string\"}}],\"inLanguage\":\"fr-CA\"}]}<\/script>\n<!-- \/ Yoast SEO plugin. -->","yoast_head_json":{"title":"Politique en mati\u00e8re de cookies - Monteroy","robots":{"index":"index","follow":"follow","max-snippet":"max-snippet:-1","max-image-preview":"max-image-preview:large","max-video-preview":"max-video-preview:-1"},"canonical":"https:\/\/monteroy.tech\/fr\/politique-en-matiere-de-cookies\/","og_locale":"fr_CA","og_type":"article","og_title":"Politique en mati\u00e8re de cookies - Monteroy","og_description":"Politique en mati\u00e8re de cookies Derni\u00e8re mise \u00e0 jour : 26 avril 2023 10:11 AM Nous accordons une grande importance \u00e0 la protection de votre vie priv\u00e9e. Veuillez lire attentivement la pr\u00e9sente politique en mati\u00e8re de cookies avant d&rsquo;utiliser le site Web https:\/\/monteroy.tech\/ (le \u00a0\u00bb site Web \u00ab\u00a0) exploit\u00e9 par Monteroy Inc. une (n) soci\u00e9t\u00e9 [&hellip;]","og_url":"https:\/\/monteroy.tech\/fr\/politique-en-matiere-de-cookies\/","og_site_name":"Monteroy","article_modified_time":"2023-04-28T09:06:31+00:00","twitter_card":"summary_large_image","twitter_misc":{"Estimation du temps de lecture":"5 minutes"},"schema":{"@context":"https:\/\/schema.org","@graph":[{"@type":"WebPage","@id":"https:\/\/monteroy.tech\/fr\/politique-en-matiere-de-cookies\/","url":"https:\/\/monteroy.tech\/fr\/politique-en-matiere-de-cookies\/","name":"Politique en mati\u00e8re de cookies - Monteroy","isPartOf":{"@id":"https:\/\/monteroy.tech\/#website"},"datePublished":"2023-04-27T21:28:26+00:00","dateModified":"2023-04-28T09:06:31+00:00","breadcrumb":{"@id":"https:\/\/monteroy.tech\/fr\/politique-en-matiere-de-cookies\/#breadcrumb"},"inLanguage":"fr-CA","potentialAction":[{"@type":"ReadAction","target":["https:\/\/monteroy.tech\/fr\/politique-en-matiere-de-cookies\/"]}]},{"@type":"BreadcrumbList","@id":"https:\/\/monteroy.tech\/fr\/politique-en-matiere-de-cookies\/#breadcrumb","itemListElement":[{"@type":"ListItem","position":1,"name":"Accueil","item":"https:\/\/monteroy.tech\/fr\/"},{"@type":"ListItem","position":2,"name":"Politique en mati\u00e8re de cookies"}]},{"@type":"WebSite","@id":"https:\/\/monteroy.tech\/#website","url":"https:\/\/monteroy.tech\/","name":"Monteroy","description":"","potentialAction":[{"@type":"SearchAction","target":{"@type":"EntryPoint","urlTemplate":"https:\/\/monteroy.tech\/?s={search_term_string}"},"query-input":{"@type":"PropertyValueSpecification","valueRequired":true,"valueName":"search_term_string"}}],"inLanguage":"fr-CA"}]}},"_links":{"self":[{"href":"https:\/\/monteroy.tech\/fr\/wp-json\/wp\/v2\/pages\/1763","targetHints":{"allow":["GET"]}}],"collection":[{"href":"https:\/\/monteroy.tech\/fr\/wp-json\/wp\/v2\/pages"}],"about":[{"href":"https:\/\/monteroy.tech\/fr\/wp-json\/wp\/v2\/types\/page"}],"author":[{"embeddable":true,"href":"https:\/\/monteroy.tech\/fr\/wp-json\/wp\/v2\/users\/3"}],"replies":[{"embeddable":true,"href":"https:\/\/monteroy.tech\/fr\/wp-json\/wp\/v2\/comments?post=1763"}],"version-history":[{"count":20,"href":"https:\/\/monteroy.tech\/fr\/wp-json\/wp\/v2\/pages\/1763\/revisions"}],"predecessor-version":[{"id":1793,"href":"https:\/\/monteroy.tech\/fr\/wp-json\/wp\/v2\/pages\/1763\/revisions\/1793"}],"wp:attachment":[{"href":"https:\/\/monteroy.tech\/fr\/wp-json\/wp\/v2\/media?parent=1763"}],"curies":[{"name":"wp","href":"https:\/\/api.w.org\/{rel}","templated":true}]}}