{"id":1685,"date":"2023-04-26T10:53:12","date_gmt":"2023-04-26T10:53:12","guid":{"rendered":"https:\/\/monteroy.tech\/?page_id=1685"},"modified":"2023-04-26T19:06:23","modified_gmt":"2023-04-26T19:06:23","slug":"conditions-dutilisation","status":"publish","type":"page","link":"https:\/\/monteroy.tech\/fr\/conditions-dutilisation\/","title":{"rendered":"Conditions d&rsquo;utilisation"},"content":{"rendered":"\t\t<div data-elementor-type=\"wp-page\" data-elementor-id=\"1685\" class=\"elementor elementor-1685 elementor-1673\" data-elementor-post-type=\"page\">\n\t\t\t\t\t\t<section class=\"elementor-section elementor-top-section elementor-element elementor-element-e51e012 elementor-section-boxed elementor-section-height-default elementor-section-height-default\" data-id=\"e51e012\" data-element_type=\"section\" data-e-type=\"section\">\n\t\t\t\t\t\t<div class=\"elementor-container elementor-column-gap-default\">\n\t\t\t\t\t<div class=\"elementor-column elementor-col-100 elementor-top-column elementor-element elementor-element-bc3c005\" data-id=\"bc3c005\" data-element_type=\"column\" data-e-type=\"column\">\n\t\t\t<div class=\"elementor-widget-wrap elementor-element-populated\">\n\t\t\t\t\t\t<div class=\"elementor-element elementor-element-e828806 elementor-widget elementor-widget-text-editor\" data-id=\"e828806\" data-element_type=\"widget\" data-e-type=\"widget\" data-widget_type=\"text-editor.default\">\n\t\t\t\t<div class=\"elementor-widget-container\">\n\t\t\t\t\t\t\t\t\t<h2><strong>Conditions d&rsquo;utilisation<\/strong><\/h2><p>Derni\u00e8re mise \u00e0 jour : 24 avril 2023 3:30 PM<\/p><p>Veuillez lire attentivement les pr\u00e9sentes conditions d&rsquo;utilisation (\u00ab\u00a0conditions\u00a0\u00bb) avant d&rsquo;utiliser le site web https:\/\/monteroy.tech\/ (le \u00ab\u00a0site web\u00a0\u00bb) exploit\u00e9 par Monteroy Inc, une soci\u00e9t\u00e9 constitu\u00e9e au Qu\u00e9bec, Canada (\u00ab\u00a0nous\u00a0\u00bb, \u00ab\u00a0nous\u00a0\u00bb, \u00ab\u00a0notre\u00a0\u00bb), car les pr\u00e9sentes conditions d&rsquo;utilisation contiennent des informations importantes concernant les limitations de notre responsabilit\u00e9. L&rsquo;acc\u00e8s \u00e0 ce site Web et son utilisation sont subordonn\u00e9s \u00e0 l&rsquo;acceptation et au respect des pr\u00e9sentes conditions. Ces conditions s&rsquo;appliquent \u00e0 tous, y compris, mais sans s&rsquo;y limiter, aux visiteurs, aux utilisateurs et aux autres personnes qui souhaitent acc\u00e9der au site web et l&rsquo;utiliser.<\/p><p>En acc\u00e9dant au site web ou en l&rsquo;utilisant, vous acceptez d&rsquo;\u00eatre li\u00e9 par les pr\u00e9sentes conditions. Si vous n&rsquo;\u00eates pas d&rsquo;accord avec une quelconque partie des conditions, vous n&rsquo;avez pas l&rsquo;autorisation d&rsquo;acc\u00e9der au site web ou de l&rsquo;utiliser.<\/p><h2><strong>Utilisations interdites<\/strong><\/h2><p>Vous vous engagez \u00e0 utiliser ce site web conform\u00e9ment \u00e0 l&rsquo;ensemble des lois, r\u00e8gles et r\u00e8glements applicables, ainsi qu&rsquo;aux pr\u00e9sentes conditions \u00e0 tout moment. Voici une liste non exhaustive des utilisations interdites de ce site web. Vous vous engagez \u00e0 n&rsquo;effectuer aucune des utilisations interdites suivantes :<\/p><ol><li>Usurper l&rsquo;identit\u00e9 ou tenter d&rsquo;usurper l&rsquo;identit\u00e9 de Monteroy Inc. ou de ses employ\u00e9s, repr\u00e9sentants, filiales ou divisions ;<\/li><li>D\u00e9clarer faussement son identit\u00e9 ou son affiliation \u00e0 une personne ou \u00e0 une entit\u00e9 ;<\/li><li>l&rsquo;envoi ou la tentative d&rsquo;envoi de mat\u00e9riel publicitaire ou promotionnel, y compris, mais sans s&rsquo;y limiter, les spams, les courriers ind\u00e9sirables, les cha\u00eenes de courrier ou tout autre mat\u00e9riel similaire ;<\/li><li>Adopter un comportement qui limite ou emp\u00eache l&rsquo;utilisation ou la jouissance du site web par une autre personne ou qui, selon notre seule appr\u00e9ciation, peut nous nuire ou nuire aux utilisateurs de ce site web ou nous exposer ou exposer d&rsquo;autres utilisateurs \u00e0 une responsabilit\u00e9 ;<\/li><li>Utiliser le site web d&rsquo;une mani\u00e8re susceptible de le d\u00e9sactiver, de le surcharger, de l&rsquo;endommager ou de le compromettre, ou d&rsquo;interf\u00e9rer avec l&rsquo;utilisation du site web par un tiers ;<\/li><li>Utiliser un robot, une araign\u00e9e ou toute autre technologie, processus ou moyen automatique similaire pour acc\u00e9der au site web ou l&rsquo;utiliser \u00e0 quelque fin que ce soit, y compris pour contr\u00f4ler ou copier le contenu de ce site web ;<\/li><li>L&rsquo;utilisation de tout proc\u00e9d\u00e9 ou moyen manuel pour contr\u00f4ler ou copier tout mat\u00e9riel sur ce site Web ou \u00e0 toute autre fin non autoris\u00e9e ;<\/li><li>Utiliser un dispositif, un logiciel, un moyen ou une routine qui interf\u00e8re avec le bon fonctionnement du site web, y compris, mais sans s&rsquo;y limiter, des virus, des chevaux de Troie, des vers, des bombes logiques ou d&rsquo;autres \u00e9l\u00e9ments de ce type ;<\/li><li>Tenter d&rsquo;obtenir un acc\u00e8s non autoris\u00e9, interf\u00e9rer avec, endommager ou perturber toute partie du site web, le(s) serveur(s) sur lequel le site web est stock\u00e9, ou tout serveur, ordinateur ou base de donn\u00e9es connect\u00e9 au site web ;<\/li><li>Tenter d&rsquo;attaquer ou attaquer le site web par le biais d&rsquo;une attaque par d\u00e9ni de service ou d&rsquo;une attaque par d\u00e9ni de service distribu\u00e9 ;<\/li><li>tenter d&rsquo;interf\u00e9rer avec le bon fonctionnement du site web ;<\/li><li>Utiliser le site Web d&rsquo;une mani\u00e8re qui enfreint les lois, r\u00e8gles ou r\u00e8glements applicables dans une province, un territoire, un \u00c9tat ou un pays.<\/li><\/ol><h2><strong>Pas de garantie sur le site web<\/strong><\/h2><p>Aucune garantie, expresse ou implicite (y compris toute garantie implicite de qualit\u00e9 marchande, de qualit\u00e9 satisfaisante ou d&rsquo;ad\u00e9quation \u00e0 un usage ou un but particulier) ne s&rsquo;applique \u00e0 ce site web, qu&rsquo;elle d\u00e9coule de la loi, d&rsquo;une pratique commerciale, d&rsquo;un mode d&rsquo;ex\u00e9cution, d&rsquo;un usage commercial ou autre.<\/p><h2><strong>Disponibilit\u00e9, erreurs et inexactitudes<\/strong><\/h2><p>Nous n&rsquo;assumons aucune responsabilit\u00e9 quant \u00e0 la disponibilit\u00e9, aux erreurs ou aux inexactitudes des informations, des produits ou des services fournis sur ce site web. Nous pouvons subir des retards dans la mise \u00e0 jour des informations sur ce site web et dans notre publicit\u00e9 sur d&rsquo;autres sites web. Les informations, produits et services figurant sur le site web peuvent contenir des erreurs ou des inexactitudes ou peuvent ne pas \u00eatre complets ou actuels. Les produits ou services peuvent \u00eatre incorrectement tarif\u00e9s ou indisponibles. Nous nous r\u00e9servons express\u00e9ment le droit de corriger toute erreur de prix sur notre site web. L&rsquo;inclusion ou l&rsquo;offre d&rsquo;un produit ou d&rsquo;un service sur ce site web ne constitue pas une approbation ou une recommandation de ce produit ou service de notre part.<\/p><h2><strong>Dommages et limitation de la responsabilit\u00e9<\/strong><\/h2><p>En aucun cas Monteroy Inc. ne sera responsable des dommages directs, indirects, punitifs, accessoires, sp\u00e9ciaux ou cons\u00e9cutifs r\u00e9sultant de, li\u00e9s ou li\u00e9s de quelque mani\u00e8re que ce soit \u00e0 votre acc\u00e8s, affichage ou utilisation de ce site web ou au retard ou \u00e0 l&rsquo;incapacit\u00e9 d&rsquo;acc\u00e9der, d&rsquo;afficher ou d&rsquo;utiliser ce site web, y compris, mais sans s&rsquo;y limiter, votre confiance dans les opinions ou les informations figurant sur ce site web, les virus informatiques, les informations, les logiciels, les sites web li\u00e9s exploit\u00e9s par des tiers, les produits ou les services obtenus par le biais de ce site web, que ce soit sur la base d&rsquo;une th\u00e9orie de n\u00e9gligence, d&rsquo;un contrat, d&rsquo;un d\u00e9lit civil, d&rsquo;une responsabilit\u00e9 stricte, de lois sur la protection des consommateurs ou autre, et ce m\u00eame si Monteroy Inc. a \u00e9t\u00e9 inform\u00e9e de la possibilit\u00e9 de tels dommages.<\/p><h2><strong>Liens vers des sites web de tiers<\/strong><\/h2><p>Ce site web peut contenir des hyperliens vers des sites web exploit\u00e9s par des tiers et non par nous. Nous fournissons ces hyperliens \u00e0 titre de r\u00e9f\u00e9rence uniquement. Nous ne contr\u00f4lons pas ces sites web et ne sommes pas responsables de leur contenu ou des pratiques de confidentialit\u00e9 ou autres de ces sites web. En outre, il vous incombe de prendre les pr\u00e9cautions n\u00e9cessaires pour vous assurer que les liens sur lesquels vous cliquez ou les logiciels que vous t\u00e9l\u00e9chargez, que ce soit \u00e0 partir de ce site web ou d&rsquo;autres sites web ou applications, sont exempts de virus, de vers, de chevaux de Troie, de d\u00e9fauts et d&rsquo;autres \u00e9l\u00e9ments de nature destructrice. L&rsquo;inclusion d&rsquo;hyperliens vers ces sites web ne signifie pas que nous approuvons le contenu de ces sites web ou que nous sommes associ\u00e9s \u00e0 leurs exploitants.<\/p><h2><strong>Propri\u00e9t\u00e9 intellectuelle et notification DMCA et proc\u00e9dure pour les plaintes en mati\u00e8re de violation de la propri\u00e9t\u00e9 intellectuelle<\/strong><\/h2><p>Tout le contenu de ce site Web est \u00a92019 &#8211; 2023 Monteroy Inc. ou des tiers. Tous les droits sont r\u00e9serv\u00e9s. Sauf indication contraire, le pr\u00e9sent site Web et l&rsquo;ensemble de son contenu et des autres \u00e9l\u00e9ments qu&rsquo;il contient, y compris, mais sans s&rsquo;y limiter, tous les logos, dessins, textes, graphiques, images, informations, donn\u00e9es, logiciels, fichiers sonores et leur disposition (collectivement, le \u00a0\u00bb contenu \u00ab\u00a0) sont la propri\u00e9t\u00e9 exclusive de Monteroy Inc. et sont soit des marques d\u00e9pos\u00e9es, soit des marques de commerce, soit des propri\u00e9t\u00e9s intellectuelles prot\u00e9g\u00e9es de Monteroy Inc. ou de tierces parties au Canada et\/ou dans d&rsquo;autres pays.<\/p><p>Si vous avez connaissance d&rsquo;une violation potentielle de notre propri\u00e9t\u00e9 intellectuelle, veuillez contacter Mikhael Monteiro \u00e0 l&rsquo;adresse info@monteroy.tech.<\/p><p>Nous respectons les droits de propri\u00e9t\u00e9 intellectuelle d&rsquo;autrui. Nous avons pour politique de r\u00e9pondre \u00e0 toute all\u00e9gation selon laquelle le contenu publi\u00e9 sur le site web enfreint les droits d&rsquo;auteur, les marques commerciales ou d&rsquo;autres droits de propri\u00e9t\u00e9 intellectuelle d&rsquo;une personne ou d&rsquo;une entit\u00e9.<\/p><p>Si vous estimez de bonne foi que le contenu porte atteinte \u00e0 vos droits de propri\u00e9t\u00e9 intellectuelle, vous ou votre agent pouvez nous envoyer une notification \u00e9crite de cette infraction intitul\u00e9e \u00ab\u00a0Infringement of Intellectual Property Rights &#8211; DMCA\u00a0\u00bb (violation des droits de propri\u00e9t\u00e9 intellectuelle &#8211; DMCA). L&rsquo;avis que vous nous adressez doit contenir les informations suivantes :<\/p><ol><li>Signature \u00e9lectronique ou physique de la personne autoris\u00e9e \u00e0 agir au nom du titulaire du droit de propri\u00e9t\u00e9 intellectuelle ;<\/li><li>Une description de l&rsquo;\u0153uvre dont vous pr\u00e9tendez qu&rsquo;elle a \u00e9t\u00e9 viol\u00e9e, y compris l&rsquo;URL (c&rsquo;est-\u00e0-dire l&rsquo;adresse de la page web) de l&rsquo;endroit o\u00f9 l&rsquo;\u0153uvre existe ou une copie de l&rsquo;\u0153uvre ;<\/li><li>votre nom, votre adresse \u00e9lectronique, votre adresse et votre num\u00e9ro de t\u00e9l\u00e9phone ; et<\/li><li>Une d\u00e9claration de votre part indiquant que vous estimez de bonne foi que l&rsquo;utilisation contest\u00e9e n&rsquo;est pas autoris\u00e9e par le propri\u00e9taire de l&rsquo;\u0153uvre, son agent ou la loi.<\/li><\/ol><p>Veuillez noter que nous ne traiterons pas votre plainte si elle n&rsquo;est pas correctement remplie ou si elle est incompl\u00e8te. Vous pouvez \u00eatre tenu responsable des dommages, y compris, mais sans s&rsquo;y limiter, des co\u00fbts et des frais d&rsquo;avocat pour toute d\u00e9claration erron\u00e9e ou r\u00e9clamation de mauvaise foi concernant la violation de vos droits de propri\u00e9t\u00e9 intellectuelle par le contenu de ce site web.<\/p><p>Vous pouvez nous soumettre votre r\u00e9clamation en nous contactant \u00e0 l&rsquo;adresse suivante<\/p><p>Monteroy Inc.<br \/>Mikhael Monteiro<br \/>info@monteroy.tech<br \/>1 (514) 360 1793<br \/>Monteroy Inc.<br \/>4020 St-Ambroise, Suite 495<br \/>Montr\u00e9al, H4C 2C7<br \/>Canada<\/p><h2><strong>Droit applicable, divisibilit\u00e9, r\u00e8glement des litiges et lieu de juridiction<\/strong><\/h2><p>Les pr\u00e9sentes conditions sont r\u00e9gies et interpr\u00e9t\u00e9es conform\u00e9ment aux lois du Qu\u00e9bec, Canada, sans tenir compte des dispositions relatives aux conflits de lois. Les pr\u00e9sentes conditions ne sont pas r\u00e9gies par la Convention des Nations unies sur les contrats de vente internationale de marchandises, le Code de commerce uniforme ou les Incoterms.<\/p><p>Le fait que nous n&rsquo;appliquions pas un droit ou une disposition des pr\u00e9sentes conditions ne sera pas consid\u00e9r\u00e9 comme une renonciation \u00e0 ce droit ou \u00e0 cette disposition. Si une disposition des pr\u00e9sentes conditions est jug\u00e9e invalide ou inapplicable par un tribunal, les autres dispositions des pr\u00e9sentes conditions resteront en vigueur. Les pr\u00e9sentes conditions constituent l&rsquo;int\u00e9gralit\u00e9 de l&rsquo;accord entre vous et nous concernant notre site web, et elles annulent et remplacent tout accord ant\u00e9rieur que nous aurions pu avoir avec vous concernant le site web.<\/p><p>Toute controverse ou r\u00e9clamation d\u00e9coulant des pr\u00e9sentes conditions ou s&rsquo;y rapportant, y compris, mais sans s&rsquo;y limiter, l&rsquo;interpr\u00e9tation ou la violation de celles-ci, sera r\u00e9solue par un tribunal comp\u00e9tent au Qu\u00e9bec, Canada.<\/p><h2><strong>Modifications des conditions d&rsquo;utilisation<\/strong><\/h2><p>Nous nous r\u00e9servons le droit de modifier les pr\u00e9sentes conditions de service \u00e0 tout moment. Nous vous informerons imm\u00e9diatement de toute modification apport\u00e9e aux pr\u00e9sentes conditions de service en publiant les conditions de service mises \u00e0 jour sur ce site web.<\/p><h2><strong>Langue<\/strong><\/h2><p>Les parties ont express\u00e9ment demand\u00e9 que les pr\u00e9sentes conditions de service et toute communication ci-apr\u00e8s soient r\u00e9dig\u00e9es dans la langue anglaise. Les parties ont express\u00e9ment que le pr\u00e9sent accord et route communication ci-apr\u00e8s soient r\u00e9dig\u00e9s dans la langue anglaise.<\/p><h2><strong>Questions<\/strong><\/h2><p>Si vous avez des questions concernant nos conditions d&rsquo;utilisation, veuillez nous contacter \u00e0 l&rsquo;adresse suivante : info@monteroy.tech.<\/p>\t\t\t\t\t\t\t\t<\/div>\n\t\t\t\t<\/div>\n\t\t\t\t\t<\/div>\n\t\t<\/div>\n\t\t\t\t\t<\/div>\n\t\t<\/section>\n\t\t\t\t<\/div>\n\t\t","protected":false},"excerpt":{"rendered":"<p>Conditions d&rsquo;utilisation Derni\u00e8re mise \u00e0 jour : 24 avril 2023 3:30 PM Veuillez lire attentivement les pr\u00e9sentes conditions d&rsquo;utilisation (\u00ab\u00a0conditions\u00a0\u00bb) avant d&rsquo;utiliser le site web https:\/\/monteroy.tech\/ (le \u00ab\u00a0site web\u00a0\u00bb) exploit\u00e9 par Monteroy Inc, une soci\u00e9t\u00e9 constitu\u00e9e au Qu\u00e9bec, Canada (\u00ab\u00a0nous\u00a0\u00bb, \u00ab\u00a0nous\u00a0\u00bb, \u00ab\u00a0notre\u00a0\u00bb), car les pr\u00e9sentes conditions d&rsquo;utilisation contiennent des informations importantes concernant les limitations de [&hellip;]<\/p>\n","protected":false},"author":3,"featured_media":0,"parent":0,"menu_order":0,"comment_status":"closed","ping_status":"closed","template":"","meta":{"_acf_changed":false,"footnotes":""},"class_list":["post-1685","page","type-page","status-publish","hentry"],"acf":[],"yoast_head":"<!-- This site is optimized with the Yoast SEO plugin v27.3 - https:\/\/yoast.com\/product\/yoast-seo-wordpress\/ -->\n<title>Conditions d&#039;utilisation - Monteroy<\/title>\n<meta name=\"robots\" content=\"index, follow, max-snippet:-1, max-image-preview:large, max-video-preview:-1\" \/>\n<link rel=\"canonical\" href=\"https:\/\/monteroy.tech\/fr\/conditions-dutilisation\/\" \/>\n<meta property=\"og:locale\" content=\"fr_CA\" \/>\n<meta property=\"og:type\" content=\"article\" \/>\n<meta property=\"og:title\" content=\"Conditions d&#039;utilisation - Monteroy\" \/>\n<meta property=\"og:description\" content=\"Conditions d&rsquo;utilisation Derni\u00e8re mise \u00e0 jour : 24 avril 2023 3:30 PM Veuillez lire attentivement les pr\u00e9sentes conditions d&rsquo;utilisation (\u00ab\u00a0conditions\u00a0\u00bb) avant d&rsquo;utiliser le site web https:\/\/monteroy.tech\/ (le \u00ab\u00a0site web\u00a0\u00bb) exploit\u00e9 par Monteroy Inc, une soci\u00e9t\u00e9 constitu\u00e9e au Qu\u00e9bec, Canada (\u00ab\u00a0nous\u00a0\u00bb, \u00ab\u00a0nous\u00a0\u00bb, \u00ab\u00a0notre\u00a0\u00bb), car les pr\u00e9sentes conditions d&rsquo;utilisation contiennent des informations importantes concernant les limitations de [&hellip;]\" \/>\n<meta property=\"og:url\" content=\"https:\/\/monteroy.tech\/fr\/conditions-dutilisation\/\" \/>\n<meta property=\"og:site_name\" content=\"Monteroy\" \/>\n<meta property=\"article:modified_time\" content=\"2023-04-26T19:06:23+00:00\" \/>\n<meta name=\"twitter:card\" content=\"summary_large_image\" \/>\n<meta name=\"twitter:label1\" content=\"Estimation du temps de lecture\" \/>\n\t<meta name=\"twitter:data1\" content=\"9 minutes\" \/>\n<script type=\"application\/ld+json\" class=\"yoast-schema-graph\">{\"@context\":\"https:\\\/\\\/schema.org\",\"@graph\":[{\"@type\":\"WebPage\",\"@id\":\"https:\\\/\\\/monteroy.tech\\\/fr\\\/conditions-dutilisation\\\/\",\"url\":\"https:\\\/\\\/monteroy.tech\\\/fr\\\/conditions-dutilisation\\\/\",\"name\":\"Conditions d'utilisation - Monteroy\",\"isPartOf\":{\"@id\":\"https:\\\/\\\/monteroy.tech\\\/#website\"},\"datePublished\":\"2023-04-26T10:53:12+00:00\",\"dateModified\":\"2023-04-26T19:06:23+00:00\",\"breadcrumb\":{\"@id\":\"https:\\\/\\\/monteroy.tech\\\/fr\\\/conditions-dutilisation\\\/#breadcrumb\"},\"inLanguage\":\"fr-CA\",\"potentialAction\":[{\"@type\":\"ReadAction\",\"target\":[\"https:\\\/\\\/monteroy.tech\\\/fr\\\/conditions-dutilisation\\\/\"]}]},{\"@type\":\"BreadcrumbList\",\"@id\":\"https:\\\/\\\/monteroy.tech\\\/fr\\\/conditions-dutilisation\\\/#breadcrumb\",\"itemListElement\":[{\"@type\":\"ListItem\",\"position\":1,\"name\":\"Accueil\",\"item\":\"https:\\\/\\\/monteroy.tech\\\/fr\\\/\"},{\"@type\":\"ListItem\",\"position\":2,\"name\":\"Conditions d&#8217;utilisation\"}]},{\"@type\":\"WebSite\",\"@id\":\"https:\\\/\\\/monteroy.tech\\\/#website\",\"url\":\"https:\\\/\\\/monteroy.tech\\\/\",\"name\":\"Monteroy\",\"description\":\"\",\"potentialAction\":[{\"@type\":\"SearchAction\",\"target\":{\"@type\":\"EntryPoint\",\"urlTemplate\":\"https:\\\/\\\/monteroy.tech\\\/?s={search_term_string}\"},\"query-input\":{\"@type\":\"PropertyValueSpecification\",\"valueRequired\":true,\"valueName\":\"search_term_string\"}}],\"inLanguage\":\"fr-CA\"}]}<\/script>\n<!-- \/ Yoast SEO plugin. -->","yoast_head_json":{"title":"Conditions d'utilisation - Monteroy","robots":{"index":"index","follow":"follow","max-snippet":"max-snippet:-1","max-image-preview":"max-image-preview:large","max-video-preview":"max-video-preview:-1"},"canonical":"https:\/\/monteroy.tech\/fr\/conditions-dutilisation\/","og_locale":"fr_CA","og_type":"article","og_title":"Conditions d'utilisation - Monteroy","og_description":"Conditions d&rsquo;utilisation Derni\u00e8re mise \u00e0 jour : 24 avril 2023 3:30 PM Veuillez lire attentivement les pr\u00e9sentes conditions d&rsquo;utilisation (\u00ab\u00a0conditions\u00a0\u00bb) avant d&rsquo;utiliser le site web https:\/\/monteroy.tech\/ (le \u00ab\u00a0site web\u00a0\u00bb) exploit\u00e9 par Monteroy Inc, une soci\u00e9t\u00e9 constitu\u00e9e au Qu\u00e9bec, Canada (\u00ab\u00a0nous\u00a0\u00bb, \u00ab\u00a0nous\u00a0\u00bb, \u00ab\u00a0notre\u00a0\u00bb), car les pr\u00e9sentes conditions d&rsquo;utilisation contiennent des informations importantes concernant les limitations de [&hellip;]","og_url":"https:\/\/monteroy.tech\/fr\/conditions-dutilisation\/","og_site_name":"Monteroy","article_modified_time":"2023-04-26T19:06:23+00:00","twitter_card":"summary_large_image","twitter_misc":{"Estimation du temps de lecture":"9 minutes"},"schema":{"@context":"https:\/\/schema.org","@graph":[{"@type":"WebPage","@id":"https:\/\/monteroy.tech\/fr\/conditions-dutilisation\/","url":"https:\/\/monteroy.tech\/fr\/conditions-dutilisation\/","name":"Conditions d'utilisation - Monteroy","isPartOf":{"@id":"https:\/\/monteroy.tech\/#website"},"datePublished":"2023-04-26T10:53:12+00:00","dateModified":"2023-04-26T19:06:23+00:00","breadcrumb":{"@id":"https:\/\/monteroy.tech\/fr\/conditions-dutilisation\/#breadcrumb"},"inLanguage":"fr-CA","potentialAction":[{"@type":"ReadAction","target":["https:\/\/monteroy.tech\/fr\/conditions-dutilisation\/"]}]},{"@type":"BreadcrumbList","@id":"https:\/\/monteroy.tech\/fr\/conditions-dutilisation\/#breadcrumb","itemListElement":[{"@type":"ListItem","position":1,"name":"Accueil","item":"https:\/\/monteroy.tech\/fr\/"},{"@type":"ListItem","position":2,"name":"Conditions d&#8217;utilisation"}]},{"@type":"WebSite","@id":"https:\/\/monteroy.tech\/#website","url":"https:\/\/monteroy.tech\/","name":"Monteroy","description":"","potentialAction":[{"@type":"SearchAction","target":{"@type":"EntryPoint","urlTemplate":"https:\/\/monteroy.tech\/?s={search_term_string}"},"query-input":{"@type":"PropertyValueSpecification","valueRequired":true,"valueName":"search_term_string"}}],"inLanguage":"fr-CA"}]}},"_links":{"self":[{"href":"https:\/\/monteroy.tech\/fr\/wp-json\/wp\/v2\/pages\/1685","targetHints":{"allow":["GET"]}}],"collection":[{"href":"https:\/\/monteroy.tech\/fr\/wp-json\/wp\/v2\/pages"}],"about":[{"href":"https:\/\/monteroy.tech\/fr\/wp-json\/wp\/v2\/types\/page"}],"author":[{"embeddable":true,"href":"https:\/\/monteroy.tech\/fr\/wp-json\/wp\/v2\/users\/3"}],"replies":[{"embeddable":true,"href":"https:\/\/monteroy.tech\/fr\/wp-json\/wp\/v2\/comments?post=1685"}],"version-history":[{"count":9,"href":"https:\/\/monteroy.tech\/fr\/wp-json\/wp\/v2\/pages\/1685\/revisions"}],"predecessor-version":[{"id":1754,"href":"https:\/\/monteroy.tech\/fr\/wp-json\/wp\/v2\/pages\/1685\/revisions\/1754"}],"wp:attachment":[{"href":"https:\/\/monteroy.tech\/fr\/wp-json\/wp\/v2\/media?parent=1685"}],"curies":[{"name":"wp","href":"https:\/\/api.w.org\/{rel}","templated":true}]}}