{"id":1289,"date":"2023-03-30T17:00:31","date_gmt":"2023-03-30T17:00:31","guid":{"rendered":"https:\/\/monteroy.tech\/?page_id=1289"},"modified":"2025-09-10T02:00:55","modified_gmt":"2025-09-10T02:00:55","slug":"blogue","status":"publish","type":"page","link":"https:\/\/monteroy.tech\/fr\/blogue\/","title":{"rendered":"Blogue"},"content":{"rendered":"\t\t<div data-elementor-type=\"wp-page\" data-elementor-id=\"1289\" class=\"elementor elementor-1289\" data-elementor-post-type=\"page\">\n\t\t\t\t\t\t<section class=\"elementor-section elementor-top-section elementor-element elementor-element-18d3367 elementor-section-height-min-height elementor-section-boxed elementor-section-height-default elementor-section-items-middle\" data-id=\"18d3367\" data-element_type=\"section\" data-e-type=\"section\" data-settings=\"{&quot;background_background&quot;:&quot;classic&quot;}\">\n\t\t\t\t\t\t<div class=\"elementor-container elementor-column-gap-default\">\n\t\t\t\t\t<div class=\"elementor-column elementor-col-100 elementor-top-column elementor-element elementor-element-060e727\" data-id=\"060e727\" data-element_type=\"column\" data-e-type=\"column\">\n\t\t\t<div class=\"elementor-widget-wrap elementor-element-populated\">\n\t\t\t\t\t\t<div class=\"elementor-element elementor-element-10e9981 text_header elementor-widget elementor-widget-text-editor\" data-id=\"10e9981\" data-element_type=\"widget\" data-e-type=\"widget\" data-widget_type=\"text-editor.default\">\n\t\t\t\t<div class=\"elementor-widget-container\">\n\t\t\t\t\t\t\t\t\t<h1>Blogue<\/h1>\t\t\t\t\t\t\t\t<\/div>\n\t\t\t\t<\/div>\n\t\t\t\t\t<\/div>\n\t\t<\/div>\n\t\t\t\t\t<\/div>\n\t\t<\/section>\n\t\t\t\t<section class=\"elementor-section elementor-top-section elementor-element elementor-element-52b200d elementor-section-boxed elementor-section-height-default elementor-section-height-default\" data-id=\"52b200d\" data-element_type=\"section\" data-e-type=\"section\" data-settings=\"{&quot;background_background&quot;:&quot;classic&quot;}\">\n\t\t\t\t\t\t<div class=\"elementor-container elementor-column-gap-default\">\n\t\t\t\t\t<div class=\"elementor-column elementor-col-100 elementor-top-column elementor-element elementor-element-f49b254\" data-id=\"f49b254\" data-element_type=\"column\" data-e-type=\"column\">\n\t\t\t<div class=\"elementor-widget-wrap elementor-element-populated\">\n\t\t\t\t\t\t<div class=\"elementor-element elementor-element-fa08268 elementor-grid-3 elementor-grid-tablet-2 elementor-grid-mobile-1 elementor-posts--thumbnail-top elementor-widget elementor-widget-posts\" data-id=\"fa08268\" data-element_type=\"widget\" data-e-type=\"widget\" data-settings=\"{&quot;pagination_type&quot;:&quot;numbers&quot;,&quot;classic_columns&quot;:&quot;3&quot;,&quot;classic_columns_tablet&quot;:&quot;2&quot;,&quot;classic_columns_mobile&quot;:&quot;1&quot;,&quot;classic_row_gap&quot;:{&quot;unit&quot;:&quot;px&quot;,&quot;size&quot;:35,&quot;sizes&quot;:[]},&quot;classic_row_gap_tablet&quot;:{&quot;unit&quot;:&quot;px&quot;,&quot;size&quot;:&quot;&quot;,&quot;sizes&quot;:[]},&quot;classic_row_gap_mobile&quot;:{&quot;unit&quot;:&quot;px&quot;,&quot;size&quot;:&quot;&quot;,&quot;sizes&quot;:[]}}\" data-widget_type=\"posts.classic\">\n\t\t\t\t<div class=\"elementor-widget-container\">\n\t\t\t\t\t\t\t<div class=\"elementor-posts-container elementor-posts elementor-posts--skin-classic elementor-grid\" role=\"list\">\n\t\t\t\t<article class=\"elementor-post elementor-grid-item post-1849 post type-post status-publish format-standard has-post-thumbnail hentry category-non-classifiee\" role=\"listitem\">\n\t\t\t\t<a class=\"elementor-post__thumbnail__link\" href=\"https:\/\/monteroy.tech\/fr\/lanxiete-de-li-a-le-loup-dans-la-bergerie-de-lentreprise\/\" tabindex=\"-1\" >\n\t\t\t<div class=\"elementor-post__thumbnail\"><img fetchpriority=\"high\" decoding=\"async\" width=\"300\" height=\"300\" src=\"https:\/\/monteroy.tech\/wp-content\/uploads\/2023\/05\/navig_future-300x300.png\" class=\"attachment-medium size-medium wp-image-1843\" alt=\"Cargo Ship\" srcset=\"https:\/\/monteroy.tech\/wp-content\/uploads\/2023\/05\/navig_future-300x300.png 300w, https:\/\/monteroy.tech\/wp-content\/uploads\/2023\/05\/navig_future-150x150.png 150w, https:\/\/monteroy.tech\/wp-content\/uploads\/2023\/05\/navig_future-768x768.png 768w, https:\/\/monteroy.tech\/wp-content\/uploads\/2023\/05\/navig_future-500x500.png 500w, https:\/\/monteroy.tech\/wp-content\/uploads\/2023\/05\/navig_future.png 1024w\" sizes=\"(max-width: 300px) 100vw, 300px\" \/><\/div>\n\t\t<\/a>\n\t\t\t\t<div class=\"elementor-post__text\">\n\t\t\t\t<h2 class=\"elementor-post__title\">\n\t\t\t<a href=\"https:\/\/monteroy.tech\/fr\/lanxiete-de-li-a-le-loup-dans-la-bergerie-de-lentreprise\/\" >\n\t\t\t\tL&rsquo;anxi\u00e9t\u00e9 de l&rsquo;I.A : le loup dans la bergerie de l\u2019entreprise\t\t\t<\/a>\n\t\t<\/h2>\n\t\t\t\t<div class=\"elementor-post__meta-data\">\n\t\t\t\t\t<span class=\"elementor-post-date\">\n\t\t\t23 mai 2023\t\t<\/span>\n\t\t\t\t<\/div>\n\t\t\t\t<div class=\"elementor-post__excerpt\">\n\t\t\t<p>L&rsquo;I.A. et les conseils d&rsquo;administration silencieux : Le paradoxe du progr\u00e8s L&rsquo;intelligence artificielle (IA) continue de transformer notre monde, suscitant un m\u00e9lange d&rsquo;anticipation et d&rsquo;appr\u00e9hension<\/p>\n\t\t<\/div>\n\t\t\n\t\t<a class=\"elementor-post__read-more\" href=\"https:\/\/monteroy.tech\/fr\/lanxiete-de-li-a-le-loup-dans-la-bergerie-de-lentreprise\/\" aria-label=\"Read more about L&rsquo;anxi\u00e9t\u00e9 de l&rsquo;I.A : le loup dans la bergerie de l\u2019entreprise\" tabindex=\"-1\" >\n\t\t\tLire la suite\t\t<\/a>\n\n\t\t\t\t<\/div>\n\t\t\t\t<\/article>\n\t\t\t\t<article class=\"elementor-post elementor-grid-item post-1826 post type-post status-publish format-standard has-post-thumbnail hentry category-non-classifiee\" role=\"listitem\">\n\t\t\t\t<a class=\"elementor-post__thumbnail__link\" href=\"https:\/\/monteroy.tech\/fr\/lia-et-la-nouvelle-economie-apres-demain\/\" tabindex=\"-1\" >\n\t\t\t<div class=\"elementor-post__thumbnail\"><img decoding=\"async\" width=\"300\" height=\"225\" src=\"https:\/\/monteroy.tech\/wp-content\/uploads\/2023\/05\/grooveland-designs-zjoydJb17mE-unsplash-300x225.jpg\" class=\"attachment-medium size-medium wp-image-1816\" alt=\"Sun\" srcset=\"https:\/\/monteroy.tech\/wp-content\/uploads\/2023\/05\/grooveland-designs-zjoydJb17mE-unsplash-300x225.jpg 300w, https:\/\/monteroy.tech\/wp-content\/uploads\/2023\/05\/grooveland-designs-zjoydJb17mE-unsplash-1024x768.jpg 1024w, https:\/\/monteroy.tech\/wp-content\/uploads\/2023\/05\/grooveland-designs-zjoydJb17mE-unsplash-768x576.jpg 768w\" sizes=\"(max-width: 300px) 100vw, 300px\" \/><\/div>\n\t\t<\/a>\n\t\t\t\t<div class=\"elementor-post__text\">\n\t\t\t\t<h2 class=\"elementor-post__title\">\n\t\t\t<a href=\"https:\/\/monteroy.tech\/fr\/lia-et-la-nouvelle-economie-apres-demain\/\" >\n\t\t\t\tL&rsquo;IA et la nouvelle \u00e9conomie, apr\u00e8s-demain\t\t\t<\/a>\n\t\t<\/h2>\n\t\t\t\t<div class=\"elementor-post__meta-data\">\n\t\t\t\t\t<span class=\"elementor-post-date\">\n\t\t\t12 mai 2023\t\t<\/span>\n\t\t\t\t<\/div>\n\t\t\t\t<div class=\"elementor-post__excerpt\">\n\t\t\t<p>Repenser les fronti\u00e8res entre l&rsquo;intelligence artificielle et l&rsquo;humain Dans un contexte d&rsquo;\u00e9volution technologique rapide, l&rsquo;intelligence artificielle (IA) s&rsquo;impose comme un catalyseur de transformation, bouleversant les<\/p>\n\t\t<\/div>\n\t\t\n\t\t<a class=\"elementor-post__read-more\" href=\"https:\/\/monteroy.tech\/fr\/lia-et-la-nouvelle-economie-apres-demain\/\" aria-label=\"Read more about L&rsquo;IA et la nouvelle \u00e9conomie, apr\u00e8s-demain\" tabindex=\"-1\" >\n\t\t\tLire la suite\t\t<\/a>\n\n\t\t\t\t<\/div>\n\t\t\t\t<\/article>\n\t\t\t\t<article class=\"elementor-post elementor-grid-item post-1485 post type-post status-publish format-standard has-post-thumbnail hentry category-non-classifiee\" role=\"listitem\">\n\t\t\t\t<a class=\"elementor-post__thumbnail__link\" href=\"https:\/\/monteroy.tech\/fr\/monteroy-lance-sa-plateforme-innovante-logiquant\/\" tabindex=\"-1\" >\n\t\t\t<div class=\"elementor-post__thumbnail\"><img decoding=\"async\" width=\"1\" height=\"1\" src=\"https:\/\/monteroy.tech\/wp-content\/uploads\/2020\/08\/elena-popova-xdXxY5C9PUo-unsplash-scaled.jpg\" class=\"attachment-medium size-medium wp-image-1458\" alt=\"\" \/><\/div>\n\t\t<\/a>\n\t\t\t\t<div class=\"elementor-post__text\">\n\t\t\t\t<h2 class=\"elementor-post__title\">\n\t\t\t<a href=\"https:\/\/monteroy.tech\/fr\/monteroy-lance-sa-plateforme-innovante-logiquant\/\" >\n\t\t\t\tMonteroy lance sa plateforme innovante LogiQuant\t\t\t<\/a>\n\t\t<\/h2>\n\t\t\t\t<div class=\"elementor-post__meta-data\">\n\t\t\t\t\t<span class=\"elementor-post-date\">\n\t\t\t30 mars 2023\t\t<\/span>\n\t\t\t\t<\/div>\n\t\t\t\t<div class=\"elementor-post__excerpt\">\n\t\t\t<p>Dans un contexte tumultueux pour l\u2019industrie financi\u00e8re, LogiQuant, premier dans son genre, pourrait \u00eatre instrumental \u00e0 la survie de plusieurs acteurs \u00e9conomiques du secteur financier.<\/p>\n\t\t<\/div>\n\t\t\n\t\t<a class=\"elementor-post__read-more\" href=\"https:\/\/monteroy.tech\/fr\/monteroy-lance-sa-plateforme-innovante-logiquant\/\" aria-label=\"Read more about Monteroy lance sa plateforme innovante LogiQuant\" tabindex=\"-1\" >\n\t\t\tLire la suite\t\t<\/a>\n\n\t\t\t\t<\/div>\n\t\t\t\t<\/article>\n\t\t\t\t<\/div>\n\t\t\n\t\t\t\t\t\t<\/div>\n\t\t\t\t<\/div>\n\t\t\t\t\t<\/div>\n\t\t<\/div>\n\t\t\t\t\t<\/div>\n\t\t<\/section>\n\t\t\t\t<\/div>\n\t\t","protected":false},"excerpt":{"rendered":"<p>Blogue<\/p>\n","protected":false},"author":1,"featured_media":0,"parent":0,"menu_order":0,"comment_status":"closed","ping_status":"closed","template":"elementor_header_footer","meta":{"_acf_changed":false,"footnotes":""},"class_list":["post-1289","page","type-page","status-publish","hentry"],"acf":[],"yoast_head":"<!-- This site is optimized with the Yoast SEO plugin v27.3 - https:\/\/yoast.com\/product\/yoast-seo-wordpress\/ -->\n<title>Blogue - Monteroy<\/title>\n<meta name=\"robots\" content=\"index, follow, max-snippet:-1, max-image-preview:large, max-video-preview:-1\" \/>\n<link rel=\"canonical\" href=\"https:\/\/monteroy.tech\/blog\/\" \/>\n<meta property=\"og:locale\" content=\"fr_CA\" \/>\n<meta property=\"og:type\" content=\"article\" \/>\n<meta property=\"og:title\" content=\"Blogue - Monteroy\" \/>\n<meta property=\"og:description\" content=\"Blogue\" \/>\n<meta property=\"og:url\" content=\"https:\/\/monteroy.tech\/blog\/\" \/>\n<meta property=\"og:site_name\" content=\"Monteroy\" \/>\n<meta property=\"article:modified_time\" content=\"2025-09-10T02:00:55+00:00\" \/>\n<meta name=\"twitter:card\" content=\"summary_large_image\" \/>\n<meta name=\"twitter:label1\" content=\"Estimation du temps de lecture\" \/>\n\t<meta name=\"twitter:data1\" content=\"3 minutes\" \/>\n<script type=\"application\/ld+json\" class=\"yoast-schema-graph\">{\"@context\":\"https:\\\/\\\/schema.org\",\"@graph\":[{\"@type\":\"WebPage\",\"@id\":\"https:\\\/\\\/monteroy.tech\\\/blog\\\/\",\"url\":\"https:\\\/\\\/monteroy.tech\\\/blog\\\/\",\"name\":\"Blogue - Monteroy\",\"isPartOf\":{\"@id\":\"https:\\\/\\\/monteroy.tech\\\/#website\"},\"datePublished\":\"2023-03-30T17:00:31+00:00\",\"dateModified\":\"2025-09-10T02:00:55+00:00\",\"breadcrumb\":{\"@id\":\"https:\\\/\\\/monteroy.tech\\\/blog\\\/#breadcrumb\"},\"inLanguage\":\"fr-CA\",\"potentialAction\":[{\"@type\":\"ReadAction\",\"target\":[\"https:\\\/\\\/monteroy.tech\\\/blog\\\/\"]}]},{\"@type\":\"BreadcrumbList\",\"@id\":\"https:\\\/\\\/monteroy.tech\\\/blog\\\/#breadcrumb\",\"itemListElement\":[{\"@type\":\"ListItem\",\"position\":1,\"name\":\"Accueil\",\"item\":\"https:\\\/\\\/monteroy.tech\\\/fr\\\/\"},{\"@type\":\"ListItem\",\"position\":2,\"name\":\"Blogue\"}]},{\"@type\":\"WebSite\",\"@id\":\"https:\\\/\\\/monteroy.tech\\\/#website\",\"url\":\"https:\\\/\\\/monteroy.tech\\\/\",\"name\":\"Monteroy\",\"description\":\"\",\"potentialAction\":[{\"@type\":\"SearchAction\",\"target\":{\"@type\":\"EntryPoint\",\"urlTemplate\":\"https:\\\/\\\/monteroy.tech\\\/?s={search_term_string}\"},\"query-input\":{\"@type\":\"PropertyValueSpecification\",\"valueRequired\":true,\"valueName\":\"search_term_string\"}}],\"inLanguage\":\"fr-CA\"}]}<\/script>\n<!-- \/ Yoast SEO plugin. -->","yoast_head_json":{"title":"Blogue - Monteroy","robots":{"index":"index","follow":"follow","max-snippet":"max-snippet:-1","max-image-preview":"max-image-preview:large","max-video-preview":"max-video-preview:-1"},"canonical":"https:\/\/monteroy.tech\/blog\/","og_locale":"fr_CA","og_type":"article","og_title":"Blogue - Monteroy","og_description":"Blogue","og_url":"https:\/\/monteroy.tech\/blog\/","og_site_name":"Monteroy","article_modified_time":"2025-09-10T02:00:55+00:00","twitter_card":"summary_large_image","twitter_misc":{"Estimation du temps de lecture":"3 minutes"},"schema":{"@context":"https:\/\/schema.org","@graph":[{"@type":"WebPage","@id":"https:\/\/monteroy.tech\/blog\/","url":"https:\/\/monteroy.tech\/blog\/","name":"Blogue - Monteroy","isPartOf":{"@id":"https:\/\/monteroy.tech\/#website"},"datePublished":"2023-03-30T17:00:31+00:00","dateModified":"2025-09-10T02:00:55+00:00","breadcrumb":{"@id":"https:\/\/monteroy.tech\/blog\/#breadcrumb"},"inLanguage":"fr-CA","potentialAction":[{"@type":"ReadAction","target":["https:\/\/monteroy.tech\/blog\/"]}]},{"@type":"BreadcrumbList","@id":"https:\/\/monteroy.tech\/blog\/#breadcrumb","itemListElement":[{"@type":"ListItem","position":1,"name":"Accueil","item":"https:\/\/monteroy.tech\/fr\/"},{"@type":"ListItem","position":2,"name":"Blogue"}]},{"@type":"WebSite","@id":"https:\/\/monteroy.tech\/#website","url":"https:\/\/monteroy.tech\/","name":"Monteroy","description":"","potentialAction":[{"@type":"SearchAction","target":{"@type":"EntryPoint","urlTemplate":"https:\/\/monteroy.tech\/?s={search_term_string}"},"query-input":{"@type":"PropertyValueSpecification","valueRequired":true,"valueName":"search_term_string"}}],"inLanguage":"fr-CA"}]}},"_links":{"self":[{"href":"https:\/\/monteroy.tech\/fr\/wp-json\/wp\/v2\/pages\/1289","targetHints":{"allow":["GET"]}}],"collection":[{"href":"https:\/\/monteroy.tech\/fr\/wp-json\/wp\/v2\/pages"}],"about":[{"href":"https:\/\/monteroy.tech\/fr\/wp-json\/wp\/v2\/types\/page"}],"author":[{"embeddable":true,"href":"https:\/\/monteroy.tech\/fr\/wp-json\/wp\/v2\/users\/1"}],"replies":[{"embeddable":true,"href":"https:\/\/monteroy.tech\/fr\/wp-json\/wp\/v2\/comments?post=1289"}],"version-history":[{"count":8,"href":"https:\/\/monteroy.tech\/fr\/wp-json\/wp\/v2\/pages\/1289\/revisions"}],"predecessor-version":[{"id":2832,"href":"https:\/\/monteroy.tech\/fr\/wp-json\/wp\/v2\/pages\/1289\/revisions\/2832"}],"wp:attachment":[{"href":"https:\/\/monteroy.tech\/fr\/wp-json\/wp\/v2\/media?parent=1289"}],"curies":[{"name":"wp","href":"https:\/\/api.w.org\/{rel}","templated":true}]}}